{"id":9952,"date":"2022-07-02T15:05:20","date_gmt":"2022-07-02T13:05:20","guid":{"rendered":"https:\/\/dillboard.pl\/produkt\/boden-eingelassene-werbetafel-standard-12-beidseitig\/"},"modified":"2024-12-01T23:01:25","modified_gmt":"2024-12-01T22:01:25","slug":"boden-eingelassene-werbetafel-standard-12-beidseitig","status":"publish","type":"product","link":"https:\/\/dillboard.pl\/de\/produkt\/boden-eingelassene-werbetafel-standard-12-beidseitig\/","title":{"rendered":"Boden eingelassene Werbetafel Standard 12 beidseitig"},"content":{"rendered":"\t\t<div data-elementor-type=\"wp-post\" data-elementor-id=\"9952\" class=\"elementor elementor-9952 elementor-8558\">\n\t\t\t\t\t\t\t\t\t<section class=\"wd-negative-gap elementor-section elementor-top-section elementor-element elementor-element-4b86909e elementor-section-boxed elementor-section-height-default elementor-section-height-default wd-section-disabled\" data-id=\"4b86909e\" data-element_type=\"section\">\n\t\t\t\t\t\t<div class=\"elementor-container elementor-column-gap-default\">\n\t\t\t\t\t<div class=\"elementor-column elementor-col-50 elementor-top-column elementor-element elementor-element-4ff24839\" data-id=\"4ff24839\" data-element_type=\"column\">\n\t\t\t<div class=\"elementor-widget-wrap elementor-element-populated\">\n\t\t\t\t\t\t\t\t<section class=\"wd-negative-gap elementor-section elementor-inner-section elementor-element elementor-element-112119c1 elementor-section-content-middle elementor-section-boxed elementor-section-height-default elementor-section-height-default wd-section-disabled\" data-id=\"112119c1\" data-element_type=\"section\">\n\t\t\t\t\t\t<div class=\"elementor-container elementor-column-gap-default\">\n\t\t\t\t\t<div class=\"elementor-column elementor-col-50 elementor-inner-column elementor-element elementor-element-5a8a83ee\" data-id=\"5a8a83ee\" data-element_type=\"column\">\n\t\t\t<div class=\"elementor-widget-wrap elementor-element-populated\">\n\t\t\t\t\t\t\t\t<div class=\"elementor-element elementor-element-6c92932d elementor-widget elementor-widget-image\" data-id=\"6c92932d\" data-element_type=\"widget\" data-widget_type=\"image.default\">\n\t\t\t\t<div class=\"elementor-widget-container\">\n\t\t\t<style>\/*! elementor - v3.15.0 - 20-08-2023 *\/\n.elementor-widget-image{text-align:center}.elementor-widget-image a{display:inline-block}.elementor-widget-image a img[src$=\".svg\"]{width:48px}.elementor-widget-image img{vertical-align:middle;display:inline-block}<\/style>\t\t\t\t\t\t\t\t\t\t\t\t<img loading=\"lazy\" decoding=\"async\" width=\"250\" height=\"250\" src=\"https:\/\/dillboard.pl\/wp-content\/themes\/woodmart\/images\/lazy.png\" class=\"attachment-full size-full wp-image-9428 wd-lazy-load wd-lazy-fade\" alt=\"\" srcset=\"\" sizes=\"auto, (max-width: 250px) 100vw, 250px\" data-wood-src=\"https:\/\/dillboard.pl\/wp-content\/uploads\/2021\/10\/ico_panele.png\" data-srcset=\"https:\/\/dillboard.pl\/wp-content\/uploads\/2021\/10\/ico_panele.png 250w, https:\/\/dillboard.pl\/wp-content\/uploads\/2021\/10\/ico_panele-150x150.png 150w\" \/>\t\t\t\t\t\t\t\t\t\t\t\t\t\t\t<\/div>\n\t\t\t\t<\/div>\n\t\t\t\t\t<\/div>\n\t\t<\/div>\n\t\t\t\t<div class=\"elementor-column elementor-col-50 elementor-inner-column elementor-element elementor-element-4e74d23d\" data-id=\"4e74d23d\" data-element_type=\"column\">\n\t\t\t<div class=\"elementor-widget-wrap elementor-element-populated\">\n\t\t\t\t\t\t\t\t<div class=\"elementor-element elementor-element-5c822b98 elementor-widget elementor-widget-wd_text_block\" data-id=\"5c822b98\" data-element_type=\"widget\" data-widget_type=\"wd_text_block.default\">\n\t\t\t\t<div class=\"elementor-widget-container\">\n\t\t\t\t\t<div class=\"wd-text-block reset-last-child text-left\">\n\t\t\t\n\t\t\t<p><b>Billboard-Bildschirm mit 10 Paneelen im Format:<\/b><br>524 x 2580 x 32 mm<\/p>\n\t\t\t\t\t<\/div>\n\t\t\t\t<\/div>\n\t\t\t\t<\/div>\n\t\t\t\t\t<\/div>\n\t\t<\/div>\n\t\t\t\t\t\t\t<\/div>\n\t\t<\/section>\n\t\t\t\t<section class=\"wd-negative-gap elementor-section elementor-inner-section elementor-element elementor-element-6543b78c elementor-section-content-middle elementor-section-boxed elementor-section-height-default elementor-section-height-default wd-section-disabled\" data-id=\"6543b78c\" data-element_type=\"section\">\n\t\t\t\t\t\t<div class=\"elementor-container elementor-column-gap-default\">\n\t\t\t\t\t<div class=\"elementor-column elementor-col-50 elementor-inner-column elementor-element elementor-element-f50204e\" data-id=\"f50204e\" data-element_type=\"column\">\n\t\t\t<div class=\"elementor-widget-wrap elementor-element-populated\">\n\t\t\t\t\t\t\t\t<div class=\"elementor-element elementor-element-16442080 elementor-widget elementor-widget-image\" data-id=\"16442080\" data-element_type=\"widget\" data-widget_type=\"image.default\">\n\t\t\t\t<div class=\"elementor-widget-container\">\n\t\t\t\t\t\t\t\t\t\t\t\t\t\t\t<img loading=\"lazy\" decoding=\"async\" width=\"250\" height=\"250\" src=\"https:\/\/dillboard.pl\/wp-content\/themes\/woodmart\/images\/lazy.png\" class=\"attachment-full size-full wp-image-9436 wd-lazy-load wd-lazy-fade\" alt=\"\" srcset=\"\" sizes=\"auto, (max-width: 250px) 100vw, 250px\" data-wood-src=\"https:\/\/dillboard.pl\/wp-content\/uploads\/2021\/10\/ico_ceownikin.png\" data-srcset=\"https:\/\/dillboard.pl\/wp-content\/uploads\/2021\/10\/ico_ceownikin.png 250w, https:\/\/dillboard.pl\/wp-content\/uploads\/2021\/10\/ico_ceownikin-150x150.png 150w\" \/>\t\t\t\t\t\t\t\t\t\t\t\t\t\t\t<\/div>\n\t\t\t\t<\/div>\n\t\t\t\t\t<\/div>\n\t\t<\/div>\n\t\t\t\t<div class=\"elementor-column elementor-col-50 elementor-inner-column elementor-element elementor-element-1465a104\" data-id=\"1465a104\" data-element_type=\"column\">\n\t\t\t<div class=\"elementor-widget-wrap elementor-element-populated\">\n\t\t\t\t\t\t\t\t<div class=\"elementor-element elementor-element-7c28d11f elementor-widget elementor-widget-wd_text_block\" data-id=\"7c28d11f\" data-element_type=\"widget\" data-widget_type=\"wd_text_block.default\">\n\t\t\t\t<div class=\"elementor-widget-container\">\n\t\t\t\t\t<div class=\"wd-text-block reset-last-child text-left\">\n\t\t\t\n\t\t\t<p><b>Befestigung<br><\/b>Die Platte wird mit zwei 50 x 50-Profilen mit einer Wandst\u00e4rke von 3 mm an den Beinen befestigt.<\/p>\n\t\t\t\t\t<\/div>\n\t\t\t\t<\/div>\n\t\t\t\t<\/div>\n\t\t\t\t\t<\/div>\n\t\t<\/div>\n\t\t\t\t\t\t\t<\/div>\n\t\t<\/section>\n\t\t\t\t<section class=\"wd-negative-gap elementor-section elementor-inner-section elementor-element elementor-element-9d1d6cf elementor-section-content-middle elementor-section-boxed elementor-section-height-default elementor-section-height-default wd-section-disabled\" data-id=\"9d1d6cf\" data-element_type=\"section\">\n\t\t\t\t\t\t<div class=\"elementor-container elementor-column-gap-default\">\n\t\t\t\t\t<div class=\"elementor-column elementor-col-50 elementor-inner-column elementor-element elementor-element-65c8c6bd\" data-id=\"65c8c6bd\" data-element_type=\"column\">\n\t\t\t<div class=\"elementor-widget-wrap elementor-element-populated\">\n\t\t\t\t\t\t\t\t<div class=\"elementor-element elementor-element-553d9cd7 elementor-widget elementor-widget-image\" data-id=\"553d9cd7\" data-element_type=\"widget\" data-widget_type=\"image.default\">\n\t\t\t\t<div class=\"elementor-widget-container\">\n\t\t\t\t\t\t\t\t\t\t\t\t\t\t\t<img loading=\"lazy\" decoding=\"async\" width=\"250\" height=\"250\" src=\"https:\/\/dillboard.pl\/wp-content\/themes\/woodmart\/images\/lazy.png\" class=\"attachment-full size-full wp-image-9426 wd-lazy-load wd-lazy-fade\" alt=\"\" srcset=\"\" sizes=\"auto, (max-width: 250px) 100vw, 250px\" data-wood-src=\"https:\/\/dillboard.pl\/wp-content\/uploads\/2021\/10\/ico_nogi.png\" data-srcset=\"https:\/\/dillboard.pl\/wp-content\/uploads\/2021\/10\/ico_nogi.png 250w, https:\/\/dillboard.pl\/wp-content\/uploads\/2021\/10\/ico_nogi-150x150.png 150w\" \/>\t\t\t\t\t\t\t\t\t\t\t\t\t\t\t<\/div>\n\t\t\t\t<\/div>\n\t\t\t\t\t<\/div>\n\t\t<\/div>\n\t\t\t\t<div class=\"elementor-column elementor-col-50 elementor-inner-column elementor-element elementor-element-7d68c5e7\" data-id=\"7d68c5e7\" data-element_type=\"column\">\n\t\t\t<div class=\"elementor-widget-wrap elementor-element-populated\">\n\t\t\t\t\t\t\t\t<div class=\"elementor-element elementor-element-64206fc4 elementor-widget elementor-widget-wd_text_block\" data-id=\"64206fc4\" data-element_type=\"widget\" data-widget_type=\"wd_text_block.default\">\n\t\t\t\t<div class=\"elementor-widget-container\">\n\t\t\t\t\t<div class=\"wd-text-block reset-last-child text-left\">\n\t\t\t\n\t\t\t<p><strong>Werbetafel Beine<br><\/strong>Die Hauptst\u00e4nder der Struktur sind aus einem 90 x 90 Quadratprofil mit einer Wandst\u00e4rke von 4 mm gefertigt.<\/p>\n\t\t\t\t\t<\/div>\n\t\t\t\t<\/div>\n\t\t\t\t<\/div>\n\t\t\t\t\t<\/div>\n\t\t<\/div>\n\t\t\t\t\t\t\t<\/div>\n\t\t<\/section>\n\t\t\t\t<section class=\"wd-negative-gap elementor-section elementor-inner-section elementor-element elementor-element-6cf20585 elementor-section-content-middle elementor-section-boxed elementor-section-height-default elementor-section-height-default wd-section-disabled\" data-id=\"6cf20585\" data-element_type=\"section\">\n\t\t\t\t\t\t<div class=\"elementor-container elementor-column-gap-default\">\n\t\t\t\t\t<div class=\"elementor-column elementor-col-50 elementor-inner-column elementor-element elementor-element-477f48fd\" data-id=\"477f48fd\" data-element_type=\"column\">\n\t\t\t<div class=\"elementor-widget-wrap elementor-element-populated\">\n\t\t\t\t\t\t\t\t<div class=\"elementor-element elementor-element-16cc374 elementor-widget elementor-widget-image\" data-id=\"16cc374\" data-element_type=\"widget\" data-widget_type=\"image.default\">\n\t\t\t\t<div class=\"elementor-widget-container\">\n\t\t\t\t\t\t\t\t\t\t\t\t\t\t\t<img loading=\"lazy\" decoding=\"async\" width=\"250\" height=\"250\" src=\"https:\/\/dillboard.pl\/wp-content\/themes\/woodmart\/images\/lazy.png\" class=\"attachment-full size-full wp-image-9438 wd-lazy-load wd-lazy-fade\" alt=\"\" srcset=\"\" sizes=\"auto, (max-width: 250px) 100vw, 250px\" data-wood-src=\"https:\/\/dillboard.pl\/wp-content\/uploads\/2021\/10\/ico_fundament.png\" data-srcset=\"https:\/\/dillboard.pl\/wp-content\/uploads\/2021\/10\/ico_fundament.png 250w, https:\/\/dillboard.pl\/wp-content\/uploads\/2021\/10\/ico_fundament-150x150.png 150w\" \/>\t\t\t\t\t\t\t\t\t\t\t\t\t\t\t<\/div>\n\t\t\t\t<\/div>\n\t\t\t\t\t<\/div>\n\t\t<\/div>\n\t\t\t\t<div class=\"elementor-column elementor-col-50 elementor-inner-column elementor-element elementor-element-121f6fa1\" data-id=\"121f6fa1\" data-element_type=\"column\">\n\t\t\t<div class=\"elementor-widget-wrap elementor-element-populated\">\n\t\t\t\t\t\t\t\t<div class=\"elementor-element elementor-element-6af5168a elementor-widget elementor-widget-wd_text_block\" data-id=\"6af5168a\" data-element_type=\"widget\" data-widget_type=\"wd_text_block.default\">\n\t\t\t\t<div class=\"elementor-widget-container\">\n\t\t\t\t\t<div class=\"wd-text-block reset-last-child text-left\">\n\t\t\t\n\t\t\t<p><strong>Solides Fundament<br><\/strong>Stahlbetonfundament aus 100 x 100 Quadratprofilen mit einer Wandst\u00e4rke von 3 mm, wodurch die Montage der Struktur erst nach dem Aush\u00e4rten der Betonmasse erfolgt und die Platte leicht an einem anderen Ort abgebaut werden kann, ohne dass die Beine abgeschnitten werden m\u00fcssen und die tragenden Werte der Struktur verloren gehen.<\/p>\n\t\t\t\t\t<\/div>\n\t\t\t\t<\/div>\n\t\t\t\t<\/div>\n\t\t\t\t\t<\/div>\n\t\t<\/div>\n\t\t\t\t\t\t\t<\/div>\n\t\t<\/section>\n\t\t\t\t\t<\/div>\n\t\t<\/div>\n\t\t\t\t<div class=\"elementor-column elementor-col-50 elementor-top-column elementor-element elementor-element-24658914\" data-id=\"24658914\" data-element_type=\"column\">\n\t\t\t<div class=\"elementor-widget-wrap elementor-element-populated\">\n\t\t\t\t\t\t\t\t<div class=\"elementor-element elementor-element-35df05d0 elementor-widget elementor-widget-wd_text_block\" data-id=\"35df05d0\" data-element_type=\"widget\" data-widget_type=\"wd_text_block.default\">\n\t\t\t\t<div class=\"elementor-widget-container\">\n\t\t\t\t\t<div class=\"wd-text-block reset-last-child text-left\">\n\t\t\t\n\t\t\t<p>Boden eingelassene Werbetafeln sind eines der vielen Angebote, die wir unseren Kunden machen. Wir bieten Ihnen Tafeln an, die aus zehn abgekanteten Paneelen aus 0,7 Millimeter dickem verzinktem Blech bestehen. Unsere Werbetafeln zeichnen sich durch eine sehr hohe Korrosionsbest\u00e4ndigkeit sowie durch eine hohe Widerstandsf\u00e4higkeit gegen mechanische Besch\u00e4digungen aus. Eine sorgf\u00e4ltige und solide Verarbeitung sowie eine zweij\u00e4hrige Garantie sind weitere Merkmale, die jede bei uns bestellte Plakatwand auszeichnen.<\/p><p>Auch der Preis der von uns angebotenen Produkte ist eine \u00dcberlegung wert. Wir garantieren nur Plakatw\u00e4nde von sehr hoher Qualit\u00e4t, die sich durch hohe \u00c4sthetik und \u00fcberdurchschnittliche Haltbarkeit auszeichnen. Der Preis f\u00fcr eine Werbetafel h\u00e4ngt von ihrem Format ab. Hervorzuheben ist auch die einfache Befestigung der von uns angebotenen Produkte sowie die Bereitstellung eines Satzes von Halterungen und Befestigungsschrauben.<\/p><p>Alle, die sich f\u00fcr unser Angebot interessieren, sind aufgefordert, sich \u00fcber unsere Preisliste zu informieren und die von uns angebotenen Dienstleistungen in Anspruch zu nehmen.<\/p>\n\t\t\t\t\t<\/div>\n\t\t\t\t<\/div>\n\t\t\t\t<\/div>\n\t\t\t\t\t<\/div>\n\t\t<\/div>\n\t\t\t\t\t\t\t<\/div>\n\t\t<\/section>\n\t\t\t\t\t\t\t<\/div>\n\t\t","protected":false},"excerpt":{"rendered":"<p>Billboard-Bildschirm mit 10 Paneelen im Format:524 x 2580 x 32 mm BefestigungDie Platte wird mit zwei 50 x 50-Profilen mit<\/p>\n","protected":false},"featured_media":9417,"template":"","meta":[],"product_cat":[186],"product_tag":[],"class_list":["post-9952","product","type-product","status-publish","has-post-thumbnail","hentry","product_cat-boden-eingelassene-werbetafeln"],"_links":{"self":[{"href":"https:\/\/dillboard.pl\/de\/wp-json\/wp\/v2\/product\/9952","targetHints":{"allow":["GET"]}}],"collection":[{"href":"https:\/\/dillboard.pl\/de\/wp-json\/wp\/v2\/product"}],"about":[{"href":"https:\/\/dillboard.pl\/de\/wp-json\/wp\/v2\/types\/product"}],"version-history":[{"count":1,"href":"https:\/\/dillboard.pl\/de\/wp-json\/wp\/v2\/product\/9952\/revisions"}],"predecessor-version":[{"id":9953,"href":"https:\/\/dillboard.pl\/de\/wp-json\/wp\/v2\/product\/9952\/revisions\/9953"}],"wp:featuredmedia":[{"embeddable":true,"href":"https:\/\/dillboard.pl\/de\/wp-json\/wp\/v2\/media\/9417"}],"wp:attachment":[{"href":"https:\/\/dillboard.pl\/de\/wp-json\/wp\/v2\/media?parent=9952"}],"wp:term":[{"taxonomy":"product_cat","embeddable":true,"href":"https:\/\/dillboard.pl\/de\/wp-json\/wp\/v2\/product_cat?post=9952"},{"taxonomy":"product_tag","embeddable":true,"href":"https:\/\/dillboard.pl\/de\/wp-json\/wp\/v2\/product_tag?post=9952"}],"curies":[{"name":"wp","href":"https:\/\/api.w.org\/{rel}","templated":true}]}}