{"id":9944,"date":"2022-07-02T15:14:10","date_gmt":"2022-07-02T13:14:10","guid":{"rendered":"https:\/\/dillboard.pl\/produkt\/mobile-werbetafel-standard-12-beidseitig\/"},"modified":"2024-12-01T23:01:25","modified_gmt":"2024-12-01T22:01:25","slug":"mobile-werbetafel-standard-12-beidseitig","status":"publish","type":"product","link":"https:\/\/dillboard.pl\/de\/produkt\/mobile-werbetafel-standard-12-beidseitig\/","title":{"rendered":"Mobile Werbetafel Standard 12 beidseitig"},"content":{"rendered":"\t\t<div data-elementor-type=\"wp-post\" data-elementor-id=\"9944\" class=\"elementor elementor-9944 elementor-8568\">\n\t\t\t\t\t\t\t\t\t<section class=\"wd-negative-gap elementor-section elementor-top-section elementor-element elementor-element-7ed7a2c2 elementor-section-boxed elementor-section-height-default elementor-section-height-default wd-section-disabled\" data-id=\"7ed7a2c2\" data-element_type=\"section\">\n\t\t\t\t\t\t<div class=\"elementor-container elementor-column-gap-default\">\n\t\t\t\t\t<div class=\"elementor-column elementor-col-50 elementor-top-column elementor-element elementor-element-5d91bbc3\" data-id=\"5d91bbc3\" data-element_type=\"column\">\n\t\t\t<div class=\"elementor-widget-wrap elementor-element-populated\">\n\t\t\t\t\t\t\t\t<section class=\"wd-negative-gap elementor-section elementor-inner-section elementor-element elementor-element-62b3f0c8 elementor-section-content-middle elementor-section-boxed elementor-section-height-default elementor-section-height-default wd-section-disabled\" data-id=\"62b3f0c8\" data-element_type=\"section\">\n\t\t\t\t\t\t<div class=\"elementor-container elementor-column-gap-default\">\n\t\t\t\t\t<div class=\"elementor-column elementor-col-50 elementor-inner-column elementor-element elementor-element-27e1c6a\" data-id=\"27e1c6a\" data-element_type=\"column\">\n\t\t\t<div class=\"elementor-widget-wrap elementor-element-populated\">\n\t\t\t\t\t\t\t\t<div class=\"elementor-element elementor-element-756240f0 elementor-widget elementor-widget-image\" data-id=\"756240f0\" data-element_type=\"widget\" data-widget_type=\"image.default\">\n\t\t\t\t<div class=\"elementor-widget-container\">\n\t\t\t<style>\/*! elementor - v3.15.0 - 20-08-2023 *\/\n.elementor-widget-image{text-align:center}.elementor-widget-image a{display:inline-block}.elementor-widget-image a img[src$=\".svg\"]{width:48px}.elementor-widget-image img{vertical-align:middle;display:inline-block}<\/style>\t\t\t\t\t\t\t\t\t\t\t\t<img loading=\"lazy\" decoding=\"async\" width=\"250\" height=\"250\" src=\"https:\/\/dillboard.pl\/wp-content\/themes\/woodmart\/images\/lazy.png\" class=\"attachment-full size-full wp-image-9428 wd-lazy-load wd-lazy-fade\" alt=\"\" srcset=\"\" sizes=\"auto, (max-width: 250px) 100vw, 250px\" data-wood-src=\"https:\/\/dillboard.pl\/wp-content\/uploads\/2021\/10\/ico_panele.png\" data-srcset=\"https:\/\/dillboard.pl\/wp-content\/uploads\/2021\/10\/ico_panele.png 250w, https:\/\/dillboard.pl\/wp-content\/uploads\/2021\/10\/ico_panele-150x150.png 150w\" \/>\t\t\t\t\t\t\t\t\t\t\t\t\t\t\t<\/div>\n\t\t\t\t<\/div>\n\t\t\t\t\t<\/div>\n\t\t<\/div>\n\t\t\t\t<div class=\"elementor-column elementor-col-50 elementor-inner-column elementor-element elementor-element-15870729\" data-id=\"15870729\" data-element_type=\"column\">\n\t\t\t<div class=\"elementor-widget-wrap elementor-element-populated\">\n\t\t\t\t\t\t\t\t<div class=\"elementor-element elementor-element-24d83988 elementor-widget elementor-widget-wd_text_block\" data-id=\"24d83988\" data-element_type=\"widget\" data-widget_type=\"wd_text_block.default\">\n\t\t\t\t<div class=\"elementor-widget-container\">\n\t\t\t\t\t<div class=\"wd-text-block reset-last-child text-left\">\n\t\t\t\n\t\t\t<p><b>Billboard-Bildschirm mit 10 Paneelen im Format:<\/b><br>524 x 2580 x 32 mm<\/p>\n\t\t\t\t\t<\/div>\n\t\t\t\t<\/div>\n\t\t\t\t<\/div>\n\t\t\t\t\t<\/div>\n\t\t<\/div>\n\t\t\t\t\t\t\t<\/div>\n\t\t<\/section>\n\t\t\t\t<section class=\"wd-negative-gap elementor-section elementor-inner-section elementor-element elementor-element-51470271 elementor-section-content-middle elementor-section-boxed elementor-section-height-default elementor-section-height-default wd-section-disabled\" data-id=\"51470271\" data-element_type=\"section\">\n\t\t\t\t\t\t<div class=\"elementor-container elementor-column-gap-default\">\n\t\t\t\t\t<div class=\"elementor-column elementor-col-50 elementor-inner-column elementor-element elementor-element-6b4251c1\" data-id=\"6b4251c1\" data-element_type=\"column\">\n\t\t\t<div class=\"elementor-widget-wrap elementor-element-populated\">\n\t\t\t\t\t\t\t\t<div class=\"elementor-element elementor-element-b84bef8 elementor-widget elementor-widget-image\" data-id=\"b84bef8\" data-element_type=\"widget\" data-widget_type=\"image.default\">\n\t\t\t\t<div class=\"elementor-widget-container\">\n\t\t\t\t\t\t\t\t\t\t\t\t\t\t\t<img loading=\"lazy\" decoding=\"async\" width=\"250\" height=\"250\" src=\"https:\/\/dillboard.pl\/wp-content\/themes\/woodmart\/images\/lazy.png\" class=\"attachment-full size-full wp-image-9435 wd-lazy-load wd-lazy-fade\" alt=\"\" srcset=\"\" sizes=\"auto, (max-width: 250px) 100vw, 250px\" data-wood-src=\"https:\/\/dillboard.pl\/wp-content\/uploads\/2021\/10\/ico_ceowniki.png\" data-srcset=\"https:\/\/dillboard.pl\/wp-content\/uploads\/2021\/10\/ico_ceowniki.png 250w, https:\/\/dillboard.pl\/wp-content\/uploads\/2021\/10\/ico_ceowniki-150x150.png 150w\" \/>\t\t\t\t\t\t\t\t\t\t\t\t\t\t\t<\/div>\n\t\t\t\t<\/div>\n\t\t\t\t\t<\/div>\n\t\t<\/div>\n\t\t\t\t<div class=\"elementor-column elementor-col-50 elementor-inner-column elementor-element elementor-element-353b198e\" data-id=\"353b198e\" data-element_type=\"column\">\n\t\t\t<div class=\"elementor-widget-wrap elementor-element-populated\">\n\t\t\t\t\t\t\t\t<div class=\"elementor-element elementor-element-2511f815 elementor-widget elementor-widget-wd_text_block\" data-id=\"2511f815\" data-element_type=\"widget\" data-widget_type=\"wd_text_block.default\">\n\t\t\t\t<div class=\"elementor-widget-container\">\n\t\t\t\t\t<div class=\"wd-text-block reset-last-child text-left\">\n\t\t\t\n\t\t\t<p><b>Befestigung<br><\/b>Die Platte wird mit zwei 50 x 50-Profilen mit einer Wandst\u00e4rke von 3 mm an den Beinen befestigt.<\/p>\n\t\t\t\t\t<\/div>\n\t\t\t\t<\/div>\n\t\t\t\t<\/div>\n\t\t\t\t\t<\/div>\n\t\t<\/div>\n\t\t\t\t\t\t\t<\/div>\n\t\t<\/section>\n\t\t\t\t<section class=\"wd-negative-gap elementor-section elementor-inner-section elementor-element elementor-element-122014c6 elementor-section-content-middle elementor-section-boxed elementor-section-height-default elementor-section-height-default wd-section-disabled\" data-id=\"122014c6\" data-element_type=\"section\">\n\t\t\t\t\t\t<div class=\"elementor-container elementor-column-gap-default\">\n\t\t\t\t\t<div class=\"elementor-column elementor-col-50 elementor-inner-column elementor-element elementor-element-65b07365\" data-id=\"65b07365\" data-element_type=\"column\">\n\t\t\t<div class=\"elementor-widget-wrap elementor-element-populated\">\n\t\t\t\t\t\t\t\t<div class=\"elementor-element elementor-element-5653a21a elementor-widget elementor-widget-image\" data-id=\"5653a21a\" data-element_type=\"widget\" data-widget_type=\"image.default\">\n\t\t\t\t<div class=\"elementor-widget-container\">\n\t\t\t\t\t\t\t\t\t\t\t\t\t\t\t<img loading=\"lazy\" decoding=\"async\" width=\"250\" height=\"250\" src=\"https:\/\/dillboard.pl\/wp-content\/themes\/woodmart\/images\/lazy.png\" class=\"attachment-full size-full wp-image-9426 wd-lazy-load wd-lazy-fade\" alt=\"\" srcset=\"\" sizes=\"auto, (max-width: 250px) 100vw, 250px\" data-wood-src=\"https:\/\/dillboard.pl\/wp-content\/uploads\/2021\/10\/ico_nogi.png\" data-srcset=\"https:\/\/dillboard.pl\/wp-content\/uploads\/2021\/10\/ico_nogi.png 250w, https:\/\/dillboard.pl\/wp-content\/uploads\/2021\/10\/ico_nogi-150x150.png 150w\" \/>\t\t\t\t\t\t\t\t\t\t\t\t\t\t\t<\/div>\n\t\t\t\t<\/div>\n\t\t\t\t\t<\/div>\n\t\t<\/div>\n\t\t\t\t<div class=\"elementor-column elementor-col-50 elementor-inner-column elementor-element elementor-element-51b2ab4b\" data-id=\"51b2ab4b\" data-element_type=\"column\">\n\t\t\t<div class=\"elementor-widget-wrap elementor-element-populated\">\n\t\t\t\t\t\t\t\t<div class=\"elementor-element elementor-element-6a9687c8 elementor-widget elementor-widget-wd_text_block\" data-id=\"6a9687c8\" data-element_type=\"widget\" data-widget_type=\"wd_text_block.default\">\n\t\t\t\t<div class=\"elementor-widget-container\">\n\t\t\t\t\t<div class=\"wd-text-block reset-last-child text-left\">\n\t\t\t\n\t\t\t<p><strong>Werbetafel Beine<br><\/strong>Die Hauptst\u00e4nder der Struktur sind aus einem 90 x 90 Quadratprofil mit einer Wandst\u00e4rke von 4 mm gefertigt.<\/p>\n\t\t\t\t\t<\/div>\n\t\t\t\t<\/div>\n\t\t\t\t<\/div>\n\t\t\t\t\t<\/div>\n\t\t<\/div>\n\t\t\t\t\t\t\t<\/div>\n\t\t<\/section>\n\t\t\t\t<section class=\"wd-negative-gap elementor-section elementor-inner-section elementor-element elementor-element-6aee3b5f elementor-section-content-middle elementor-section-boxed elementor-section-height-default elementor-section-height-default wd-section-disabled\" data-id=\"6aee3b5f\" data-element_type=\"section\">\n\t\t\t\t\t\t<div class=\"elementor-container elementor-column-gap-default\">\n\t\t\t\t\t<div class=\"elementor-column elementor-col-50 elementor-inner-column elementor-element elementor-element-102f6269\" data-id=\"102f6269\" data-element_type=\"column\">\n\t\t\t<div class=\"elementor-widget-wrap elementor-element-populated\">\n\t\t\t\t\t\t\t\t<div class=\"elementor-element elementor-element-54e601a1 elementor-widget elementor-widget-image\" data-id=\"54e601a1\" data-element_type=\"widget\" data-widget_type=\"image.default\">\n\t\t\t\t<div class=\"elementor-widget-container\">\n\t\t\t\t\t\t\t\t\t\t\t\t\t\t\t<img loading=\"lazy\" decoding=\"async\" width=\"250\" height=\"250\" src=\"https:\/\/dillboard.pl\/wp-content\/themes\/woodmart\/images\/lazy.png\" class=\"attachment-full size-full wp-image-9432 wd-lazy-load wd-lazy-fade\" alt=\"\" srcset=\"\" sizes=\"auto, (max-width: 250px) 100vw, 250px\" data-wood-src=\"https:\/\/dillboard.pl\/wp-content\/uploads\/2021\/10\/ico_regulacja.png\" data-srcset=\"https:\/\/dillboard.pl\/wp-content\/uploads\/2021\/10\/ico_regulacja.png 250w, https:\/\/dillboard.pl\/wp-content\/uploads\/2021\/10\/ico_regulacja-150x150.png 150w\" \/>\t\t\t\t\t\t\t\t\t\t\t\t\t\t\t<\/div>\n\t\t\t\t<\/div>\n\t\t\t\t\t<\/div>\n\t\t<\/div>\n\t\t\t\t<div class=\"elementor-column elementor-col-50 elementor-inner-column elementor-element elementor-element-22b76184\" data-id=\"22b76184\" data-element_type=\"column\">\n\t\t\t<div class=\"elementor-widget-wrap elementor-element-populated\">\n\t\t\t\t\t\t\t\t<div class=\"elementor-element elementor-element-619179b elementor-widget elementor-widget-wd_text_block\" data-id=\"619179b\" data-element_type=\"widget\" data-widget_type=\"wd_text_block.default\">\n\t\t\t\t<div class=\"elementor-widget-container\">\n\t\t\t\t\t<div class=\"wd-text-block reset-last-child text-left\">\n\t\t\t\n\t\t\t<p><strong>Einstellbare Bildschirmh\u00f6he<br><\/strong>Einstellbare Bildschirmh\u00f6he (maximale H\u00f6he der Oberkante bis zu 650 cm).<\/p>\n\t\t\t\t\t<\/div>\n\t\t\t\t<\/div>\n\t\t\t\t<\/div>\n\t\t\t\t\t<\/div>\n\t\t<\/div>\n\t\t\t\t\t\t\t<\/div>\n\t\t<\/section>\n\t\t\t\t<section class=\"wd-negative-gap elementor-section elementor-inner-section elementor-element elementor-element-2da27b3f elementor-section-content-middle elementor-section-boxed elementor-section-height-default elementor-section-height-default wd-section-disabled\" data-id=\"2da27b3f\" data-element_type=\"section\">\n\t\t\t\t\t\t<div class=\"elementor-container elementor-column-gap-default\">\n\t\t\t\t\t<div class=\"elementor-column elementor-col-50 elementor-inner-column elementor-element elementor-element-50e6b7ff\" data-id=\"50e6b7ff\" data-element_type=\"column\">\n\t\t\t<div class=\"elementor-widget-wrap elementor-element-populated\">\n\t\t\t\t\t\t\t\t<div class=\"elementor-element elementor-element-7d0390e0 elementor-widget elementor-widget-image\" data-id=\"7d0390e0\" data-element_type=\"widget\" data-widget_type=\"image.default\">\n\t\t\t\t<div class=\"elementor-widget-container\">\n\t\t\t\t\t\t\t\t\t\t\t\t\t\t\t<img loading=\"lazy\" decoding=\"async\" width=\"250\" height=\"250\" src=\"https:\/\/dillboard.pl\/wp-content\/themes\/woodmart\/images\/lazy.png\" class=\"attachment-full size-full wp-image-9429 wd-lazy-load wd-lazy-fade\" alt=\"\" srcset=\"\" sizes=\"auto, (max-width: 250px) 100vw, 250px\" data-wood-src=\"https:\/\/dillboard.pl\/wp-content\/uploads\/2021\/10\/ico_podstawa.png\" data-srcset=\"https:\/\/dillboard.pl\/wp-content\/uploads\/2021\/10\/ico_podstawa.png 250w, https:\/\/dillboard.pl\/wp-content\/uploads\/2021\/10\/ico_podstawa-150x150.png 150w\" \/>\t\t\t\t\t\t\t\t\t\t\t\t\t\t\t<\/div>\n\t\t\t\t<\/div>\n\t\t\t\t\t<\/div>\n\t\t<\/div>\n\t\t\t\t<div class=\"elementor-column elementor-col-50 elementor-inner-column elementor-element elementor-element-558babf3\" data-id=\"558babf3\" data-element_type=\"column\">\n\t\t\t<div class=\"elementor-widget-wrap elementor-element-populated\">\n\t\t\t\t\t\t\t\t<div class=\"elementor-element elementor-element-708ffa6f elementor-widget elementor-widget-wd_text_block\" data-id=\"708ffa6f\" data-element_type=\"widget\" data-widget_type=\"wd_text_block.default\">\n\t\t\t\t<div class=\"elementor-widget-container\">\n\t\t\t\t\t<div class=\"wd-text-block reset-last-child text-left\">\n\t\t\t\n\t\t\t<p><strong>Plakatsockel<br><\/strong>Stabiler Sockel mit einer Gesamtbreite von 380 cm und einer Tiefe von 200 cm, mit zus\u00e4tzlichen horizontalen Profilen zur Unterst\u00fctzung der Last.<\/p>\n\t\t\t\t\t<\/div>\n\t\t\t\t<\/div>\n\t\t\t\t<\/div>\n\t\t\t\t\t<\/div>\n\t\t<\/div>\n\t\t\t\t\t\t\t<\/div>\n\t\t<\/section>\n\t\t\t\t<section class=\"wd-negative-gap elementor-section elementor-inner-section elementor-element elementor-element-66ce11a5 elementor-section-content-middle elementor-section-boxed elementor-section-height-default elementor-section-height-default wd-section-disabled\" data-id=\"66ce11a5\" data-element_type=\"section\">\n\t\t\t\t\t\t<div class=\"elementor-container elementor-column-gap-default\">\n\t\t\t\t\t<div class=\"elementor-column elementor-col-50 elementor-inner-column elementor-element elementor-element-7c79c37c\" data-id=\"7c79c37c\" data-element_type=\"column\">\n\t\t\t<div class=\"elementor-widget-wrap elementor-element-populated\">\n\t\t\t\t\t\t\t\t<div class=\"elementor-element elementor-element-1625a299 elementor-widget elementor-widget-image\" data-id=\"1625a299\" data-element_type=\"widget\" data-widget_type=\"image.default\">\n\t\t\t\t<div class=\"elementor-widget-container\">\n\t\t\t\t\t\t\t\t\t\t\t\t\t\t\t<img loading=\"lazy\" decoding=\"async\" width=\"250\" height=\"250\" src=\"https:\/\/dillboard.pl\/wp-content\/themes\/woodmart\/images\/lazy.png\" class=\"attachment-full size-full wp-image-9424 wd-lazy-load wd-lazy-fade\" alt=\"\" srcset=\"\" sizes=\"auto, (max-width: 250px) 100vw, 250px\" data-wood-src=\"https:\/\/dillboard.pl\/wp-content\/uploads\/2021\/10\/ico_krawezniki.png\" data-srcset=\"https:\/\/dillboard.pl\/wp-content\/uploads\/2021\/10\/ico_krawezniki.png 250w, https:\/\/dillboard.pl\/wp-content\/uploads\/2021\/10\/ico_krawezniki-150x150.png 150w\" \/>\t\t\t\t\t\t\t\t\t\t\t\t\t\t\t<\/div>\n\t\t\t\t<\/div>\n\t\t\t\t\t<\/div>\n\t\t<\/div>\n\t\t\t\t<div class=\"elementor-column elementor-col-50 elementor-inner-column elementor-element elementor-element-2de4d0b5\" data-id=\"2de4d0b5\" data-element_type=\"column\">\n\t\t\t<div class=\"elementor-widget-wrap elementor-element-populated\">\n\t\t\t\t\t\t\t\t<div class=\"elementor-element elementor-element-a002882 elementor-widget elementor-widget-wd_text_block\" data-id=\"a002882\" data-element_type=\"widget\" data-widget_type=\"wd_text_block.default\">\n\t\t\t\t<div class=\"elementor-widget-container\">\n\t\t\t\t\t<div class=\"wd-text-block reset-last-child text-left\">\n\t\t\t\n\t\t\t<p><strong>Sockelbelastung<br><\/strong>Der Sockel der Plakatwand kann mit Bordsteinen\/Betonbl\u00f6cken (min. 4500 kg) belastet werden, die Belastung ist nicht im Preis der Plakatwand enthalten.<\/p>\n\t\t\t\t\t<\/div>\n\t\t\t\t<\/div>\n\t\t\t\t<\/div>\n\t\t\t\t\t<\/div>\n\t\t<\/div>\n\t\t\t\t\t\t\t<\/div>\n\t\t<\/section>\n\t\t\t\t\t<\/div>\n\t\t<\/div>\n\t\t\t\t<div class=\"elementor-column elementor-col-50 elementor-top-column elementor-element elementor-element-e647928\" data-id=\"e647928\" data-element_type=\"column\">\n\t\t\t<div class=\"elementor-widget-wrap elementor-element-populated\">\n\t\t\t\t\t\t\t\t<div class=\"elementor-element elementor-element-7362efc8 elementor-widget elementor-widget-wd_text_block\" data-id=\"7362efc8\" data-element_type=\"widget\" data-widget_type=\"wd_text_block.default\">\n\t\t\t\t<div class=\"elementor-widget-container\">\n\t\t\t\t\t<div class=\"wd-text-block reset-last-child text-left\">\n\t\t\t\n\t\t\t<p>Mobile Werbetafeln sind einer der vielen Vorschl\u00e4ge, die wir unseren Kunden anbieten. Wir bieten Ihnen Tafeln an, die aus zehn abgekanteten Paneelen aus 0,7 Millimeter dickem verzinktem Blech bestehen. Unsere Werbetafeln zeichnen sich durch eine sehr hohe Korrosionsbest\u00e4ndigkeit sowie durch eine hohe Widerstandsf\u00e4higkeit gegen mechanische Besch\u00e4digungen aus. Eine sorgf\u00e4ltige und solide Verarbeitung sowie eine zweij\u00e4hrige Garantie sind weitere Merkmale, die jede bei uns bestellte Plakatwand auszeichnen.<\/p><p>Auch der Preis der von uns angebotenen Produkte ist eine \u00dcberlegung wert. Wir garantieren nur Mobile Werbetafeln von sehr hoher Qualit\u00e4t, die sich durch hohe \u00c4sthetik und \u00fcberdurchschnittliche Haltbarkeit auszeichnen. Der Preis f\u00fcr eine Werbetafel h\u00e4ngt von ihrem Format ab. Hervorzuheben ist auch die einfache Befestigung der von uns angebotenen Produkte sowie die Bereitstellung eines Satzes von Halterungen und Befestigungsschrauben.<\/p><p>Alle, die sich f\u00fcr unser Angebot interessieren, sind aufgefordert, sich \u00fcber unsere Preisliste zu informieren und die von uns angebotenen Dienstleistungen in Anspruch zu nehmen.<\/p>\n\t\t\t\t\t<\/div>\n\t\t\t\t<\/div>\n\t\t\t\t<\/div>\n\t\t\t\t\t<\/div>\n\t\t<\/div>\n\t\t\t\t\t\t\t<\/div>\n\t\t<\/section>\n\t\t\t\t\t\t\t<\/div>\n\t\t","protected":false},"excerpt":{"rendered":"<p>Billboard-Bildschirm mit 10 Paneelen im Format:524 x 2580 x 32 mm BefestigungDie Platte wird mit zwei 50 x 50-Profilen mit<\/p>\n","protected":false},"featured_media":9415,"template":"","meta":[],"product_cat":[184],"product_tag":[],"class_list":["post-9944","product","type-product","status-publish","has-post-thumbnail","hentry","product_cat-mobile-werbetafeln"],"_links":{"self":[{"href":"https:\/\/dillboard.pl\/de\/wp-json\/wp\/v2\/product\/9944","targetHints":{"allow":["GET"]}}],"collection":[{"href":"https:\/\/dillboard.pl\/de\/wp-json\/wp\/v2\/product"}],"about":[{"href":"https:\/\/dillboard.pl\/de\/wp-json\/wp\/v2\/types\/product"}],"version-history":[{"count":5,"href":"https:\/\/dillboard.pl\/de\/wp-json\/wp\/v2\/product\/9944\/revisions"}],"predecessor-version":[{"id":10762,"href":"https:\/\/dillboard.pl\/de\/wp-json\/wp\/v2\/product\/9944\/revisions\/10762"}],"wp:featuredmedia":[{"embeddable":true,"href":"https:\/\/dillboard.pl\/de\/wp-json\/wp\/v2\/media\/9415"}],"wp:attachment":[{"href":"https:\/\/dillboard.pl\/de\/wp-json\/wp\/v2\/media?parent=9944"}],"wp:term":[{"taxonomy":"product_cat","embeddable":true,"href":"https:\/\/dillboard.pl\/de\/wp-json\/wp\/v2\/product_cat?post=9944"},{"taxonomy":"product_tag","embeddable":true,"href":"https:\/\/dillboard.pl\/de\/wp-json\/wp\/v2\/product_tag?post=9944"}],"curies":[{"name":"wp","href":"https:\/\/api.w.org\/{rel}","templated":true}]}}