{"id":9924,"date":"2022-07-02T15:46:59","date_gmt":"2022-07-02T13:46:59","guid":{"rendered":"https:\/\/dillboard.pl\/produkt\/mega-boden-eingelassene-werbetafel-standard-60-beidseitig\/"},"modified":"2024-12-01T23:01:23","modified_gmt":"2024-12-01T22:01:23","slug":"mega-boden-eingelassene-werbetafel-standard-60-beidseitig","status":"publish","type":"product","link":"https:\/\/dillboard.pl\/de\/produkt\/mega-boden-eingelassene-werbetafel-standard-60-beidseitig\/","title":{"rendered":"Mega Boden eingelassene Werbetafel Standard 60 beidseitig"},"content":{"rendered":"\t\t<div data-elementor-type=\"wp-post\" data-elementor-id=\"9924\" class=\"elementor elementor-9924 elementor-8590\">\n\t\t\t\t\t\t\t\t\t<section class=\"wd-negative-gap elementor-section elementor-top-section elementor-element elementor-element-4d30ecc4 elementor-section-boxed elementor-section-height-default elementor-section-height-default wd-section-disabled\" data-id=\"4d30ecc4\" data-element_type=\"section\">\n\t\t\t\t\t\t<div class=\"elementor-container elementor-column-gap-default\">\n\t\t\t\t\t<div class=\"elementor-column elementor-col-50 elementor-top-column elementor-element elementor-element-41b2d66a\" data-id=\"41b2d66a\" data-element_type=\"column\">\n\t\t\t<div class=\"elementor-widget-wrap elementor-element-populated\">\n\t\t\t\t\t\t\t\t<section class=\"wd-negative-gap elementor-section elementor-inner-section elementor-element elementor-element-4da6dbab elementor-section-content-middle elementor-section-boxed elementor-section-height-default elementor-section-height-default wd-section-disabled\" data-id=\"4da6dbab\" data-element_type=\"section\">\n\t\t\t\t\t\t<div class=\"elementor-container elementor-column-gap-default\">\n\t\t\t\t\t<div class=\"elementor-column elementor-col-50 elementor-inner-column elementor-element elementor-element-4777f9b9\" data-id=\"4777f9b9\" data-element_type=\"column\">\n\t\t\t<div class=\"elementor-widget-wrap elementor-element-populated\">\n\t\t\t\t\t\t\t\t<div class=\"elementor-element elementor-element-615dd18b elementor-widget elementor-widget-image\" data-id=\"615dd18b\" data-element_type=\"widget\" data-widget_type=\"image.default\">\n\t\t\t\t<div class=\"elementor-widget-container\">\n\t\t\t<style>\/*! elementor - v3.15.0 - 20-08-2023 *\/\n.elementor-widget-image{text-align:center}.elementor-widget-image a{display:inline-block}.elementor-widget-image a img[src$=\".svg\"]{width:48px}.elementor-widget-image img{vertical-align:middle;display:inline-block}<\/style>\t\t\t\t\t\t\t\t\t\t\t\t<img loading=\"lazy\" decoding=\"async\" width=\"250\" height=\"250\" src=\"https:\/\/dillboard.pl\/wp-content\/themes\/woodmart\/images\/lazy.png\" class=\"attachment-full size-full wp-image-9428 wd-lazy-load wd-lazy-fade\" alt=\"\" srcset=\"\" sizes=\"auto, (max-width: 250px) 100vw, 250px\" data-wood-src=\"https:\/\/dillboard.pl\/wp-content\/uploads\/2021\/10\/ico_panele.png\" data-srcset=\"https:\/\/dillboard.pl\/wp-content\/uploads\/2021\/10\/ico_panele.png 250w, https:\/\/dillboard.pl\/wp-content\/uploads\/2021\/10\/ico_panele-150x150.png 150w\" \/>\t\t\t\t\t\t\t\t\t\t\t\t\t\t\t<\/div>\n\t\t\t\t<\/div>\n\t\t\t\t\t<\/div>\n\t\t<\/div>\n\t\t\t\t<div class=\"elementor-column elementor-col-50 elementor-inner-column elementor-element elementor-element-2f7ab7de\" data-id=\"2f7ab7de\" data-element_type=\"column\">\n\t\t\t<div class=\"elementor-widget-wrap elementor-element-populated\">\n\t\t\t\t\t\t\t\t<div class=\"elementor-element elementor-element-8df34f6 elementor-widget elementor-widget-wd_text_block\" data-id=\"8df34f6\" data-element_type=\"widget\" data-widget_type=\"wd_text_block.default\">\n\t\t\t\t<div class=\"elementor-widget-container\">\n\t\t\t\t\t<div class=\"wd-text-block reset-last-child text-left\">\n\t\t\t\n\t\t\t<p><b>Plakatwand, bestehend aus 48 Tafeln im Format:<\/b><br>500 x 2500 x 59 mm<\/p>\n\t\t\t\t\t<\/div>\n\t\t\t\t<\/div>\n\t\t\t\t<\/div>\n\t\t\t\t\t<\/div>\n\t\t<\/div>\n\t\t\t\t\t\t\t<\/div>\n\t\t<\/section>\n\t\t\t\t<section class=\"wd-negative-gap elementor-section elementor-inner-section elementor-element elementor-element-4cf847e5 elementor-section-content-middle elementor-section-boxed elementor-section-height-default elementor-section-height-default wd-section-disabled\" data-id=\"4cf847e5\" data-element_type=\"section\">\n\t\t\t\t\t\t<div class=\"elementor-container elementor-column-gap-default\">\n\t\t\t\t\t<div class=\"elementor-column elementor-col-50 elementor-inner-column elementor-element elementor-element-12399fa7\" data-id=\"12399fa7\" data-element_type=\"column\">\n\t\t\t<div class=\"elementor-widget-wrap elementor-element-populated\">\n\t\t\t\t\t\t\t\t<div class=\"elementor-element elementor-element-4d39e689 elementor-widget elementor-widget-image\" data-id=\"4d39e689\" data-element_type=\"widget\" data-widget_type=\"image.default\">\n\t\t\t\t<div class=\"elementor-widget-container\">\n\t\t\t\t\t\t\t\t\t\t\t\t\t\t\t<img loading=\"lazy\" decoding=\"async\" width=\"250\" height=\"250\" src=\"https:\/\/dillboard.pl\/wp-content\/themes\/woodmart\/images\/lazy.png\" class=\"attachment-full size-full wp-image-9435 wd-lazy-load wd-lazy-fade\" alt=\"\" srcset=\"\" sizes=\"auto, (max-width: 250px) 100vw, 250px\" data-wood-src=\"https:\/\/dillboard.pl\/wp-content\/uploads\/2021\/10\/ico_ceowniki.png\" data-srcset=\"https:\/\/dillboard.pl\/wp-content\/uploads\/2021\/10\/ico_ceowniki.png 250w, https:\/\/dillboard.pl\/wp-content\/uploads\/2021\/10\/ico_ceowniki-150x150.png 150w\" \/>\t\t\t\t\t\t\t\t\t\t\t\t\t\t\t<\/div>\n\t\t\t\t<\/div>\n\t\t\t\t\t<\/div>\n\t\t<\/div>\n\t\t\t\t<div class=\"elementor-column elementor-col-50 elementor-inner-column elementor-element elementor-element-5f384634\" data-id=\"5f384634\" data-element_type=\"column\">\n\t\t\t<div class=\"elementor-widget-wrap elementor-element-populated\">\n\t\t\t\t\t\t\t\t<div class=\"elementor-element elementor-element-28b18771 elementor-widget elementor-widget-wd_text_block\" data-id=\"28b18771\" data-element_type=\"widget\" data-widget_type=\"wd_text_block.default\">\n\t\t\t\t<div class=\"elementor-widget-container\">\n\t\t\t\t\t<div class=\"wd-text-block reset-last-child text-left\">\n\t\t\t\n\t\t\t<p><b>Befestigung<br><\/b>Die Platte wird mit vier 50 x 50-Kan\u00e4len mit einer Wandst\u00e4rke von 3 mm an den Beinen befestigt.<\/p>\n\t\t\t\t\t<\/div>\n\t\t\t\t<\/div>\n\t\t\t\t<\/div>\n\t\t\t\t\t<\/div>\n\t\t<\/div>\n\t\t\t\t\t\t\t<\/div>\n\t\t<\/section>\n\t\t\t\t<section class=\"wd-negative-gap elementor-section elementor-inner-section elementor-element elementor-element-1f6188c5 elementor-section-content-middle elementor-section-boxed elementor-section-height-default elementor-section-height-default wd-section-disabled\" data-id=\"1f6188c5\" data-element_type=\"section\">\n\t\t\t\t\t\t<div class=\"elementor-container elementor-column-gap-default\">\n\t\t\t\t\t<div class=\"elementor-column elementor-col-50 elementor-inner-column elementor-element elementor-element-889925a\" data-id=\"889925a\" data-element_type=\"column\">\n\t\t\t<div class=\"elementor-widget-wrap elementor-element-populated\">\n\t\t\t\t\t\t\t\t<div class=\"elementor-element elementor-element-3e36442c elementor-widget elementor-widget-image\" data-id=\"3e36442c\" data-element_type=\"widget\" data-widget_type=\"image.default\">\n\t\t\t\t<div class=\"elementor-widget-container\">\n\t\t\t\t\t\t\t\t\t\t\t\t\t\t\t<img loading=\"lazy\" decoding=\"async\" width=\"250\" height=\"250\" src=\"https:\/\/dillboard.pl\/wp-content\/themes\/woodmart\/images\/lazy.png\" class=\"attachment-full size-full wp-image-9426 wd-lazy-load wd-lazy-fade\" alt=\"\" srcset=\"\" sizes=\"auto, (max-width: 250px) 100vw, 250px\" data-wood-src=\"https:\/\/dillboard.pl\/wp-content\/uploads\/2021\/10\/ico_nogi.png\" data-srcset=\"https:\/\/dillboard.pl\/wp-content\/uploads\/2021\/10\/ico_nogi.png 250w, https:\/\/dillboard.pl\/wp-content\/uploads\/2021\/10\/ico_nogi-150x150.png 150w\" \/>\t\t\t\t\t\t\t\t\t\t\t\t\t\t\t<\/div>\n\t\t\t\t<\/div>\n\t\t\t\t\t<\/div>\n\t\t<\/div>\n\t\t\t\t<div class=\"elementor-column elementor-col-50 elementor-inner-column elementor-element elementor-element-18e5081\" data-id=\"18e5081\" data-element_type=\"column\">\n\t\t\t<div class=\"elementor-widget-wrap elementor-element-populated\">\n\t\t\t\t\t\t\t\t<div class=\"elementor-element elementor-element-3e254666 elementor-widget elementor-widget-wd_text_block\" data-id=\"3e254666\" data-element_type=\"widget\" data-widget_type=\"wd_text_block.default\">\n\t\t\t\t<div class=\"elementor-widget-container\">\n\t\t\t\t\t<div class=\"wd-text-block reset-last-child text-left\">\n\t\t\t\n\t\t\t<p><strong>Werbetafel Beine<br><\/strong>Die Hauptst\u00e4nder der Struktur sind aus einem 90 x 90 Quadratprofil mit einer Wandst\u00e4rke von 4 mm gefertigt.<\/p>\n\t\t\t\t\t<\/div>\n\t\t\t\t<\/div>\n\t\t\t\t<\/div>\n\t\t\t\t\t<\/div>\n\t\t<\/div>\n\t\t\t\t\t\t\t<\/div>\n\t\t<\/section>\n\t\t\t\t<section class=\"wd-negative-gap elementor-section elementor-inner-section elementor-element elementor-element-40ad15dc elementor-section-content-middle elementor-section-boxed elementor-section-height-default elementor-section-height-default wd-section-disabled\" data-id=\"40ad15dc\" data-element_type=\"section\">\n\t\t\t\t\t\t<div class=\"elementor-container elementor-column-gap-default\">\n\t\t\t\t\t<div class=\"elementor-column elementor-col-50 elementor-inner-column elementor-element elementor-element-8ab0f59\" data-id=\"8ab0f59\" data-element_type=\"column\">\n\t\t\t<div class=\"elementor-widget-wrap elementor-element-populated\">\n\t\t\t\t\t\t\t\t<div class=\"elementor-element elementor-element-6a4af2bb elementor-widget elementor-widget-image\" data-id=\"6a4af2bb\" data-element_type=\"widget\" data-widget_type=\"image.default\">\n\t\t\t\t<div class=\"elementor-widget-container\">\n\t\t\t\t\t\t\t\t\t\t\t\t\t\t\t<img loading=\"lazy\" decoding=\"async\" width=\"250\" height=\"250\" src=\"https:\/\/dillboard.pl\/wp-content\/themes\/woodmart\/images\/lazy.png\" class=\"attachment-full size-full wp-image-9425 wd-lazy-load wd-lazy-fade\" alt=\"\" srcset=\"\" sizes=\"auto, (max-width: 250px) 100vw, 250px\" data-wood-src=\"https:\/\/dillboard.pl\/wp-content\/uploads\/2021\/10\/ico_maxwys.png\" data-srcset=\"https:\/\/dillboard.pl\/wp-content\/uploads\/2021\/10\/ico_maxwys.png 250w, https:\/\/dillboard.pl\/wp-content\/uploads\/2021\/10\/ico_maxwys-150x150.png 150w\" \/>\t\t\t\t\t\t\t\t\t\t\t\t\t\t\t<\/div>\n\t\t\t\t<\/div>\n\t\t\t\t\t<\/div>\n\t\t<\/div>\n\t\t\t\t<div class=\"elementor-column elementor-col-50 elementor-inner-column elementor-element elementor-element-2df3720c\" data-id=\"2df3720c\" data-element_type=\"column\">\n\t\t\t<div class=\"elementor-widget-wrap elementor-element-populated\">\n\t\t\t\t\t\t\t\t<div class=\"elementor-element elementor-element-29ddbec0 elementor-widget elementor-widget-wd_text_block\" data-id=\"29ddbec0\" data-element_type=\"widget\" data-widget_type=\"wd_text_block.default\">\n\t\t\t\t<div class=\"elementor-widget-container\">\n\t\t\t\t\t<div class=\"wd-text-block reset-last-child text-left\">\n\t\t\t\n\t\t\t<p><strong>H\u00f6he der Plakatwand<br><\/strong>Die Oberkante der Plakatwand befindet sich in einer H\u00f6he von 650 cm.<\/p>\n\t\t\t\t\t<\/div>\n\t\t\t\t<\/div>\n\t\t\t\t<\/div>\n\t\t\t\t\t<\/div>\n\t\t<\/div>\n\t\t\t\t\t\t\t<\/div>\n\t\t<\/section>\n\t\t\t\t<section class=\"wd-negative-gap elementor-section elementor-inner-section elementor-element elementor-element-5aba8c9b elementor-section-content-middle elementor-section-boxed elementor-section-height-default elementor-section-height-default wd-section-disabled\" data-id=\"5aba8c9b\" data-element_type=\"section\">\n\t\t\t\t\t\t<div class=\"elementor-container elementor-column-gap-default\">\n\t\t\t\t\t<div class=\"elementor-column elementor-col-50 elementor-inner-column elementor-element elementor-element-6a20e405\" data-id=\"6a20e405\" data-element_type=\"column\">\n\t\t\t<div class=\"elementor-widget-wrap elementor-element-populated\">\n\t\t\t\t\t\t\t\t<div class=\"elementor-element elementor-element-490d54f0 elementor-widget elementor-widget-image\" data-id=\"490d54f0\" data-element_type=\"widget\" data-widget_type=\"image.default\">\n\t\t\t\t<div class=\"elementor-widget-container\">\n\t\t\t\t\t\t\t\t\t\t\t\t\t\t\t<img loading=\"lazy\" decoding=\"async\" width=\"250\" height=\"250\" src=\"https:\/\/dillboard.pl\/wp-content\/themes\/woodmart\/images\/lazy.png\" class=\"attachment-full size-full wp-image-9438 wd-lazy-load wd-lazy-fade\" alt=\"\" srcset=\"\" sizes=\"auto, (max-width: 250px) 100vw, 250px\" data-wood-src=\"https:\/\/dillboard.pl\/wp-content\/uploads\/2021\/10\/ico_fundament.png\" data-srcset=\"https:\/\/dillboard.pl\/wp-content\/uploads\/2021\/10\/ico_fundament.png 250w, https:\/\/dillboard.pl\/wp-content\/uploads\/2021\/10\/ico_fundament-150x150.png 150w\" \/>\t\t\t\t\t\t\t\t\t\t\t\t\t\t\t<\/div>\n\t\t\t\t<\/div>\n\t\t\t\t\t<\/div>\n\t\t<\/div>\n\t\t\t\t<div class=\"elementor-column elementor-col-50 elementor-inner-column elementor-element elementor-element-3353a2d5\" data-id=\"3353a2d5\" data-element_type=\"column\">\n\t\t\t<div class=\"elementor-widget-wrap elementor-element-populated\">\n\t\t\t\t\t\t\t\t<div class=\"elementor-element elementor-element-151e6de5 elementor-widget elementor-widget-wd_text_block\" data-id=\"151e6de5\" data-element_type=\"widget\" data-widget_type=\"wd_text_block.default\">\n\t\t\t\t<div class=\"elementor-widget-container\">\n\t\t\t\t\t<div class=\"wd-text-block reset-last-child text-left\">\n\t\t\t\n\t\t\t<p><strong>Solides Fundament<br><\/strong>Stahlbetonfundament aus 100 x 100 Quadratprofilen mit einer Wandst\u00e4rke von 3 mm, wodurch die Montage der Struktur erst nach dem Aush\u00e4rten der Betonmasse erfolgt und die Platte leicht an einem anderen Ort abgebaut werden kann, ohne dass die Beine abgeschnitten werden m\u00fcssen und die tragenden Werte der Struktur verloren gehen.<\/p>\n\t\t\t\t\t<\/div>\n\t\t\t\t<\/div>\n\t\t\t\t<\/div>\n\t\t\t\t\t<\/div>\n\t\t<\/div>\n\t\t\t\t\t\t\t<\/div>\n\t\t<\/section>\n\t\t\t\t\t<\/div>\n\t\t<\/div>\n\t\t\t\t<div class=\"elementor-column elementor-col-50 elementor-top-column elementor-element elementor-element-5a5d4dda\" data-id=\"5a5d4dda\" data-element_type=\"column\">\n\t\t\t<div class=\"elementor-widget-wrap elementor-element-populated\">\n\t\t\t\t\t\t\t\t<div class=\"elementor-element elementor-element-282baa9 elementor-widget elementor-widget-wd_text_block\" data-id=\"282baa9\" data-element_type=\"widget\" data-widget_type=\"wd_text_block.default\">\n\t\t\t\t<div class=\"elementor-widget-container\">\n\t\t\t\t\t<div class=\"wd-text-block reset-last-child text-left\">\n\t\t\t\n\t\t\t<p>Mega-Billboards sind eines der vielen Angebote, die wir unseren Kunden machen. Wir bieten Ihnen Tafeln an, die aus 48 abgekanteten Paneelen aus 0,7 Millimeter starkem verzinktem Blech bestehen. Unsere Werbetafeln zeichnen sich durch eine sehr hohe Korrosionsbest\u00e4ndigkeit sowie durch eine hohe Widerstandsf\u00e4higkeit gegen mechanische Besch\u00e4digungen aus. Eine sorgf\u00e4ltige und solide Verarbeitung sowie eine zweij\u00e4hrige Garantie sind weitere Merkmale, die jede bei uns bestellte Plakatwand auszeichnen.<\/p><p>Auch der Preis der von uns angebotenen Produkte ist eine \u00dcberlegung wert. Wir garantieren nur eingegrabene Mega-Werbetafeln von sehr guter Qualit\u00e4t, die sich durch hohe \u00c4sthetik und \u00fcberdurchschnittliche Haltbarkeit auszeichnen. Der Preis f\u00fcr eine Werbetafel h\u00e4ngt von ihrem Format ab. Hervorzuheben ist auch die einfache Befestigung der von uns angebotenen Produkte sowie die Bereitstellung eines Satzes von Halterungen und Befestigungsschrauben.<\/p><p>Alle, die sich f\u00fcr unser Angebot interessieren, sind aufgefordert, sich \u00fcber unsere Preisliste zu informieren und die von uns angebotenen Dienstleistungen in Anspruch zu nehmen.<\/p>\n\t\t\t\t\t<\/div>\n\t\t\t\t<\/div>\n\t\t\t\t<\/div>\n\t\t\t\t\t<\/div>\n\t\t<\/div>\n\t\t\t\t\t\t\t<\/div>\n\t\t<\/section>\n\t\t\t\t<section class=\"wd-negative-gap elementor-section elementor-top-section elementor-element elementor-element-7f288794 elementor-section-boxed elementor-section-height-default elementor-section-height-default wd-section-disabled\" data-id=\"7f288794\" data-element_type=\"section\">\n\t\t\t\t\t\t<div class=\"elementor-container elementor-column-gap-default\">\n\t\t\t\t\t<div class=\"elementor-column elementor-col-100 elementor-top-column elementor-element elementor-element-40c13855\" data-id=\"40c13855\" data-element_type=\"column\">\n\t\t\t<div class=\"elementor-widget-wrap elementor-element-populated\">\n\t\t\t\t\t\t\t\t<div class=\"elementor-element elementor-element-46026265 elementor-widget elementor-widget-wd_title\" data-id=\"46026265\" data-element_type=\"widget\" data-widget_type=\"wd_title.default\">\n\t\t\t\t<div class=\"elementor-widget-container\">\n\t\t\t\t\t<div class=\"title-wrapper set-mb-s reset-last-child wd-title-color-default wd-title-style-default wd-title-size-default text-center\">\n\n\t\t\t\n\t\t\t<div class=\"liner-continer\">\n\t\t\t\t<h4 class=\"woodmart-title-container title wd-fontsize-l\">Gro\u00dfformatige 60 m\u00b2 gro\u00dfe Mega-Werbetafel, die in zwei normale unterirdische Billboards umgewandelt werden k\u00f6nnen.<\/h4> \n\t\t\t\t\t\t\t<\/div>\n\n\t\t\t\t\t<\/div>\n\t\t\t\t<\/div>\n\t\t\t\t<\/div>\n\t\t\t\t\t<\/div>\n\t\t<\/div>\n\t\t\t\t\t\t\t<\/div>\n\t\t<\/section>\n\t\t\t\t<section class=\"wd-negative-gap elementor-section elementor-top-section elementor-element elementor-element-368b8ffc elementor-section-content-middle elementor-section-boxed elementor-section-height-default elementor-section-height-default wd-section-disabled\" data-id=\"368b8ffc\" data-element_type=\"section\">\n\t\t\t\t\t\t<div class=\"elementor-container elementor-column-gap-default\">\n\t\t\t\t\t<div class=\"elementor-column elementor-col-50 elementor-top-column elementor-element elementor-element-1c721d60\" data-id=\"1c721d60\" data-element_type=\"column\">\n\t\t\t<div class=\"elementor-widget-wrap elementor-element-populated\">\n\t\t\t\t\t\t\t\t<div class=\"elementor-element elementor-element-68a8ac00 color-scheme-inherit text-left elementor-widget elementor-widget-text-editor\" data-id=\"68a8ac00\" data-element_type=\"widget\" data-widget_type=\"text-editor.default\">\n\t\t\t\t<div class=\"elementor-widget-container\">\n\t\t\t<style>\/*! elementor - v3.15.0 - 20-08-2023 *\/\n.elementor-widget-text-editor.elementor-drop-cap-view-stacked .elementor-drop-cap{background-color:#69727d;color:#fff}.elementor-widget-text-editor.elementor-drop-cap-view-framed .elementor-drop-cap{color:#69727d;border:3px solid;background-color:transparent}.elementor-widget-text-editor:not(.elementor-drop-cap-view-default) .elementor-drop-cap{margin-top:8px}.elementor-widget-text-editor:not(.elementor-drop-cap-view-default) .elementor-drop-cap-letter{width:1em;height:1em}.elementor-widget-text-editor .elementor-drop-cap{float:left;text-align:center;line-height:1;font-size:50px}.elementor-widget-text-editor .elementor-drop-cap-letter{display:inline-block}<\/style>\t\t\t\t<p>Das 60 m\u00b2 gro\u00dfe Modell ist das einzige Mega Billboard auf dem polnischen Markt, das sich leicht zu zwei unterirdischen Billboards mit 12 m\u00b2 gro\u00dfen Standardtafeln umbauen l\u00e4sst.<\/p>\n<p><strong>Eine L\u00f6sung, die wir besonders empfehlen:<\/strong><\/p>\n<ul>\n<li>Wenn aufgrund von Gesetzes\u00e4nderungen in Ihrer Stadt (Landschaftsschutzgesetz) eine Situation eintritt, in der gro\u00dfformatige Werbetafeln im st\u00e4dtischen Raum nicht mehr zul\u00e4ssig sind (z. B. Begrenzung der Anzeigefl\u00e4che auf 12 m\u00b2 &#8211; am Beispiel der Stadt Poznan).<\/li>\n<li>Verlegung der Werbetafel an einen neuen Standort mit begrenzter Aufstellfl\u00e4che.<\/li>\n<li>Weiterverkauf eines Teils der Werbefl\u00e4che,<\/li>\n<\/ul>\n<p>Wie auch immer, wenn Sie sich f\u00fcr unser Design entscheiden, k\u00f6nnen Sie beruhigt sein. Wir haben eine L\u00f6sung entwickelt, bei der die Beine zusammen mit dem Fundament die Basis f\u00fcr zwei separate Plakatstrukturen bilden k\u00f6nnen. Die Paneele einer einzigen 60 m\u00b2 gro\u00dfen Platte k\u00f6nnen dann schnell zu 4 separaten 504 x 238 cm gro\u00dfen Platten umkonfiguriert werden.<\/p>\n<p>So k\u00f6nnen wir aus einem Mega Billboard, je nach Konfiguration der Tafeln, zwei <a href=\"https:\/\/dillboard.pl\/new\/kategoria-produktu\/billboardy-wkopane\/\">verschanzte<\/a> Billboards oder, nach Hinzuf\u00fcgen von Sockeln, zwei umbaubare Billboards in <a href=\"https:\/\/dillboard.pl\/new\/kategoria-produktu\/billboardy-przestawne\/\">Standard<\/a>&#8211; oder <a href=\"https:\/\/dillboard.pl\/new\/kategoria-produktu\/billboardy-przestawne-podwojne\/\">Doppelkonfiguration<\/a> erstellen.<\/p>\n\t\t\t\t\t\t<\/div>\n\t\t\t\t<\/div>\n\t\t\t\t\t<\/div>\n\t\t<\/div>\n\t\t\t\t<div class=\"elementor-column elementor-col-50 elementor-top-column elementor-element elementor-element-7a454fc9\" data-id=\"7a454fc9\" data-element_type=\"column\">\n\t\t\t<div class=\"elementor-widget-wrap elementor-element-populated\">\n\t\t\t\t\t\t\t\t<div class=\"elementor-element elementor-element-75624895 elementor-widget elementor-widget-image\" data-id=\"75624895\" data-element_type=\"widget\" data-widget_type=\"image.default\">\n\t\t\t\t<div class=\"elementor-widget-container\">\n\t\t\t\t\t\t\t\t\t\t\t\t\t\t\t<img loading=\"lazy\" decoding=\"async\" width=\"780\" height=\"800\" src=\"https:\/\/dillboard.pl\/wp-content\/themes\/woodmart\/images\/lazy.png\" class=\"attachment-large size-large wp-image-9509 wd-lazy-load wd-lazy-fade\" alt=\"\" srcset=\"\" sizes=\"auto, (max-width: 780px) 100vw, 780px\" data-wood-src=\"https:\/\/dillboard.pl\/wp-content\/uploads\/2022\/07\/megabillboard_wkopany_rekonfiguracja-780x800.png\" data-srcset=\"https:\/\/dillboard.pl\/wp-content\/uploads\/2022\/07\/megabillboard_wkopany_rekonfiguracja-780x800.png 780w, https:\/\/dillboard.pl\/wp-content\/uploads\/2022\/07\/megabillboard_wkopany_rekonfiguracja-292x300.png 292w, https:\/\/dillboard.pl\/wp-content\/uploads\/2022\/07\/megabillboard_wkopany_rekonfiguracja-768x788.png 768w, https:\/\/dillboard.pl\/wp-content\/uploads\/2022\/07\/megabillboard_wkopany_rekonfiguracja-430x441.png 430w, https:\/\/dillboard.pl\/wp-content\/uploads\/2022\/07\/megabillboard_wkopany_rekonfiguracja-700x718.png 700w, https:\/\/dillboard.pl\/wp-content\/uploads\/2022\/07\/megabillboard_wkopany_rekonfiguracja-350x359.png 350w, https:\/\/dillboard.pl\/wp-content\/uploads\/2022\/07\/megabillboard_wkopany_rekonfiguracja-150x154.png 150w, https:\/\/dillboard.pl\/wp-content\/uploads\/2022\/07\/megabillboard_wkopany_rekonfiguracja.png 800w\" \/>\t\t\t\t\t\t\t\t\t\t\t\t\t\t\t<\/div>\n\t\t\t\t<\/div>\n\t\t\t\t\t<\/div>\n\t\t<\/div>\n\t\t\t\t\t\t\t<\/div>\n\t\t<\/section>\n\t\t\t\t\t\t\t<\/div>\n\t\t","protected":false},"excerpt":{"rendered":"<p>Plakatwand, bestehend aus 48 Tafeln im Format:500 x 2500 x 59 mm BefestigungDie Platte wird mit vier 50 x 50-Kan\u00e4len<\/p>\n","protected":false},"featured_media":9423,"template":"","meta":[],"product_cat":[189],"product_tag":[],"class_list":["post-9924","product","type-product","status-publish","has-post-thumbnail","hentry","product_cat-mega-boden-eingelassene-werbetafeln"],"_links":{"self":[{"href":"https:\/\/dillboard.pl\/de\/wp-json\/wp\/v2\/product\/9924","targetHints":{"allow":["GET"]}}],"collection":[{"href":"https:\/\/dillboard.pl\/de\/wp-json\/wp\/v2\/product"}],"about":[{"href":"https:\/\/dillboard.pl\/de\/wp-json\/wp\/v2\/types\/product"}],"version-history":[{"count":1,"href":"https:\/\/dillboard.pl\/de\/wp-json\/wp\/v2\/product\/9924\/revisions"}],"predecessor-version":[{"id":9925,"href":"https:\/\/dillboard.pl\/de\/wp-json\/wp\/v2\/product\/9924\/revisions\/9925"}],"wp:featuredmedia":[{"embeddable":true,"href":"https:\/\/dillboard.pl\/de\/wp-json\/wp\/v2\/media\/9423"}],"wp:attachment":[{"href":"https:\/\/dillboard.pl\/de\/wp-json\/wp\/v2\/media?parent=9924"}],"wp:term":[{"taxonomy":"product_cat","embeddable":true,"href":"https:\/\/dillboard.pl\/de\/wp-json\/wp\/v2\/product_cat?post=9924"},{"taxonomy":"product_tag","embeddable":true,"href":"https:\/\/dillboard.pl\/de\/wp-json\/wp\/v2\/product_tag?post=9924"}],"curies":[{"name":"wp","href":"https:\/\/api.w.org\/{rel}","templated":true}]}}