{"id":9914,"date":"2022-07-02T15:57:26","date_gmt":"2022-07-02T13:57:26","guid":{"rendered":"https:\/\/dillboard.pl\/produkt\/mega-mobile-werbetafel-standard-60-einseitig\/"},"modified":"2024-12-01T23:01:23","modified_gmt":"2024-12-01T22:01:23","slug":"mega-mobile-werbetafel-standard-60-einseitig","status":"publish","type":"product","link":"https:\/\/dillboard.pl\/de\/produkt\/mega-mobile-werbetafel-standard-60-einseitig\/","title":{"rendered":"Mega Mobile Werbetafel Standard 60 einseitig"},"content":{"rendered":"\t\t<div data-elementor-type=\"wp-post\" data-elementor-id=\"9914\" class=\"elementor elementor-9914 elementor-8605\">\n\t\t\t\t\t\t\t\t\t<section class=\"wd-negative-gap elementor-section elementor-top-section elementor-element elementor-element-2b25d6de elementor-section-boxed elementor-section-height-default elementor-section-height-default wd-section-disabled\" data-id=\"2b25d6de\" data-element_type=\"section\">\n\t\t\t\t\t\t<div class=\"elementor-container elementor-column-gap-default\">\n\t\t\t\t\t<div class=\"elementor-column elementor-col-50 elementor-top-column elementor-element elementor-element-f178d2b\" data-id=\"f178d2b\" data-element_type=\"column\">\n\t\t\t<div class=\"elementor-widget-wrap elementor-element-populated\">\n\t\t\t\t\t\t\t\t<section class=\"wd-negative-gap elementor-section elementor-inner-section elementor-element elementor-element-55548569 elementor-section-content-middle elementor-section-boxed elementor-section-height-default elementor-section-height-default wd-section-disabled\" data-id=\"55548569\" data-element_type=\"section\">\n\t\t\t\t\t\t<div class=\"elementor-container elementor-column-gap-default\">\n\t\t\t\t\t<div class=\"elementor-column elementor-col-50 elementor-inner-column elementor-element elementor-element-7fe67b78\" data-id=\"7fe67b78\" data-element_type=\"column\">\n\t\t\t<div class=\"elementor-widget-wrap elementor-element-populated\">\n\t\t\t\t\t\t\t\t<div class=\"elementor-element elementor-element-20b503a7 elementor-widget elementor-widget-image\" data-id=\"20b503a7\" data-element_type=\"widget\" data-widget_type=\"image.default\">\n\t\t\t\t<div class=\"elementor-widget-container\">\n\t\t\t<style>\/*! elementor - v3.15.0 - 20-08-2023 *\/\n.elementor-widget-image{text-align:center}.elementor-widget-image a{display:inline-block}.elementor-widget-image a img[src$=\".svg\"]{width:48px}.elementor-widget-image img{vertical-align:middle;display:inline-block}<\/style>\t\t\t\t\t\t\t\t\t\t\t\t<img loading=\"lazy\" decoding=\"async\" width=\"250\" height=\"250\" src=\"https:\/\/dillboard.pl\/wp-content\/themes\/woodmart\/images\/lazy.png\" class=\"attachment-full size-full wp-image-9428 wd-lazy-load wd-lazy-fade\" alt=\"\" srcset=\"\" sizes=\"auto, (max-width: 250px) 100vw, 250px\" data-wood-src=\"https:\/\/dillboard.pl\/wp-content\/uploads\/2021\/10\/ico_panele.png\" data-srcset=\"https:\/\/dillboard.pl\/wp-content\/uploads\/2021\/10\/ico_panele.png 250w, https:\/\/dillboard.pl\/wp-content\/uploads\/2021\/10\/ico_panele-150x150.png 150w\" \/>\t\t\t\t\t\t\t\t\t\t\t\t\t\t\t<\/div>\n\t\t\t\t<\/div>\n\t\t\t\t\t<\/div>\n\t\t<\/div>\n\t\t\t\t<div class=\"elementor-column elementor-col-50 elementor-inner-column elementor-element elementor-element-51152f4c\" data-id=\"51152f4c\" data-element_type=\"column\">\n\t\t\t<div class=\"elementor-widget-wrap elementor-element-populated\">\n\t\t\t\t\t\t\t\t<div class=\"elementor-element elementor-element-256ce604 elementor-widget elementor-widget-wd_text_block\" data-id=\"256ce604\" data-element_type=\"widget\" data-widget_type=\"wd_text_block.default\">\n\t\t\t\t<div class=\"elementor-widget-container\">\n\t\t\t\t\t<div class=\"wd-text-block reset-last-child text-left\">\n\t\t\t\n\t\t\t<p><b>Plakatwand, bestehend aus 48 Tafeln im Format:<\/b><br>500 x 2500 x 59 mm<\/p>\n\t\t\t\t\t<\/div>\n\t\t\t\t<\/div>\n\t\t\t\t<\/div>\n\t\t\t\t\t<\/div>\n\t\t<\/div>\n\t\t\t\t\t\t\t<\/div>\n\t\t<\/section>\n\t\t\t\t<section class=\"wd-negative-gap elementor-section elementor-inner-section elementor-element elementor-element-28d7107a elementor-section-content-middle elementor-section-boxed elementor-section-height-default elementor-section-height-default wd-section-disabled\" data-id=\"28d7107a\" data-element_type=\"section\">\n\t\t\t\t\t\t<div class=\"elementor-container elementor-column-gap-default\">\n\t\t\t\t\t<div class=\"elementor-column elementor-col-50 elementor-inner-column elementor-element elementor-element-372233e4\" data-id=\"372233e4\" data-element_type=\"column\">\n\t\t\t<div class=\"elementor-widget-wrap elementor-element-populated\">\n\t\t\t\t\t\t\t\t<div class=\"elementor-element elementor-element-3a68e780 elementor-widget elementor-widget-image\" data-id=\"3a68e780\" data-element_type=\"widget\" data-widget_type=\"image.default\">\n\t\t\t\t<div class=\"elementor-widget-container\">\n\t\t\t\t\t\t\t\t\t\t\t\t\t\t\t<img loading=\"lazy\" decoding=\"async\" width=\"250\" height=\"250\" src=\"https:\/\/dillboard.pl\/wp-content\/themes\/woodmart\/images\/lazy.png\" class=\"attachment-full size-full wp-image-9435 wd-lazy-load wd-lazy-fade\" alt=\"\" srcset=\"\" sizes=\"auto, (max-width: 250px) 100vw, 250px\" data-wood-src=\"https:\/\/dillboard.pl\/wp-content\/uploads\/2021\/10\/ico_ceowniki.png\" data-srcset=\"https:\/\/dillboard.pl\/wp-content\/uploads\/2021\/10\/ico_ceowniki.png 250w, https:\/\/dillboard.pl\/wp-content\/uploads\/2021\/10\/ico_ceowniki-150x150.png 150w\" \/>\t\t\t\t\t\t\t\t\t\t\t\t\t\t\t<\/div>\n\t\t\t\t<\/div>\n\t\t\t\t\t<\/div>\n\t\t<\/div>\n\t\t\t\t<div class=\"elementor-column elementor-col-50 elementor-inner-column elementor-element elementor-element-223222f3\" data-id=\"223222f3\" data-element_type=\"column\">\n\t\t\t<div class=\"elementor-widget-wrap elementor-element-populated\">\n\t\t\t\t\t\t\t\t<div class=\"elementor-element elementor-element-73d5e581 elementor-widget elementor-widget-wd_text_block\" data-id=\"73d5e581\" data-element_type=\"widget\" data-widget_type=\"wd_text_block.default\">\n\t\t\t\t<div class=\"elementor-widget-container\">\n\t\t\t\t\t<div class=\"wd-text-block reset-last-child text-left\">\n\t\t\t\n\t\t\t<p><b>Befestigung<br><\/b>Die Platte wird mit vier 50 x 50-Kan\u00e4len mit einer Wandst\u00e4rke von 3 mm an den Beinen befestigt.<\/p>\n\t\t\t\t\t<\/div>\n\t\t\t\t<\/div>\n\t\t\t\t<\/div>\n\t\t\t\t\t<\/div>\n\t\t<\/div>\n\t\t\t\t\t\t\t<\/div>\n\t\t<\/section>\n\t\t\t\t<section class=\"wd-negative-gap elementor-section elementor-inner-section elementor-element elementor-element-149c62ea elementor-section-content-middle elementor-section-boxed elementor-section-height-default elementor-section-height-default wd-section-disabled\" data-id=\"149c62ea\" data-element_type=\"section\">\n\t\t\t\t\t\t<div class=\"elementor-container elementor-column-gap-default\">\n\t\t\t\t\t<div class=\"elementor-column elementor-col-50 elementor-inner-column elementor-element elementor-element-31fea13c\" data-id=\"31fea13c\" data-element_type=\"column\">\n\t\t\t<div class=\"elementor-widget-wrap elementor-element-populated\">\n\t\t\t\t\t\t\t\t<div class=\"elementor-element elementor-element-4057c82a elementor-widget elementor-widget-image\" data-id=\"4057c82a\" data-element_type=\"widget\" data-widget_type=\"image.default\">\n\t\t\t\t<div class=\"elementor-widget-container\">\n\t\t\t\t\t\t\t\t\t\t\t\t\t\t\t<img loading=\"lazy\" decoding=\"async\" width=\"250\" height=\"250\" src=\"https:\/\/dillboard.pl\/wp-content\/themes\/woodmart\/images\/lazy.png\" class=\"attachment-full size-full wp-image-9426 wd-lazy-load wd-lazy-fade\" alt=\"\" srcset=\"\" sizes=\"auto, (max-width: 250px) 100vw, 250px\" data-wood-src=\"https:\/\/dillboard.pl\/wp-content\/uploads\/2021\/10\/ico_nogi.png\" data-srcset=\"https:\/\/dillboard.pl\/wp-content\/uploads\/2021\/10\/ico_nogi.png 250w, https:\/\/dillboard.pl\/wp-content\/uploads\/2021\/10\/ico_nogi-150x150.png 150w\" \/>\t\t\t\t\t\t\t\t\t\t\t\t\t\t\t<\/div>\n\t\t\t\t<\/div>\n\t\t\t\t\t<\/div>\n\t\t<\/div>\n\t\t\t\t<div class=\"elementor-column elementor-col-50 elementor-inner-column elementor-element elementor-element-3adf9f35\" data-id=\"3adf9f35\" data-element_type=\"column\">\n\t\t\t<div class=\"elementor-widget-wrap elementor-element-populated\">\n\t\t\t\t\t\t\t\t<div class=\"elementor-element elementor-element-1fa053e7 elementor-widget elementor-widget-wd_text_block\" data-id=\"1fa053e7\" data-element_type=\"widget\" data-widget_type=\"wd_text_block.default\">\n\t\t\t\t<div class=\"elementor-widget-container\">\n\t\t\t\t\t<div class=\"wd-text-block reset-last-child text-left\">\n\t\t\t\n\t\t\t<p><strong>Werbetafel Beine<br><\/strong>Die Hauptst\u00e4nder der Struktur sind aus einem 90 x 90 Quadratprofil mit einer Wandst\u00e4rke von 4 mm gefertigt.<\/p>\n\t\t\t\t\t<\/div>\n\t\t\t\t<\/div>\n\t\t\t\t<\/div>\n\t\t\t\t\t<\/div>\n\t\t<\/div>\n\t\t\t\t\t\t\t<\/div>\n\t\t<\/section>\n\t\t\t\t<section class=\"wd-negative-gap elementor-section elementor-inner-section elementor-element elementor-element-7fbbcde7 elementor-section-content-middle elementor-section-boxed elementor-section-height-default elementor-section-height-default wd-section-disabled\" data-id=\"7fbbcde7\" data-element_type=\"section\">\n\t\t\t\t\t\t<div class=\"elementor-container elementor-column-gap-default\">\n\t\t\t\t\t<div class=\"elementor-column elementor-col-50 elementor-inner-column elementor-element elementor-element-5e0b788c\" data-id=\"5e0b788c\" data-element_type=\"column\">\n\t\t\t<div class=\"elementor-widget-wrap elementor-element-populated\">\n\t\t\t\t\t\t\t\t<div class=\"elementor-element elementor-element-72787bc4 elementor-widget elementor-widget-image\" data-id=\"72787bc4\" data-element_type=\"widget\" data-widget_type=\"image.default\">\n\t\t\t\t<div class=\"elementor-widget-container\">\n\t\t\t\t\t\t\t\t\t\t\t\t\t\t\t<img loading=\"lazy\" decoding=\"async\" width=\"250\" height=\"250\" src=\"https:\/\/dillboard.pl\/wp-content\/themes\/woodmart\/images\/lazy.png\" class=\"attachment-full size-full wp-image-9425 wd-lazy-load wd-lazy-fade\" alt=\"\" srcset=\"\" sizes=\"auto, (max-width: 250px) 100vw, 250px\" data-wood-src=\"https:\/\/dillboard.pl\/wp-content\/uploads\/2021\/10\/ico_maxwys.png\" data-srcset=\"https:\/\/dillboard.pl\/wp-content\/uploads\/2021\/10\/ico_maxwys.png 250w, https:\/\/dillboard.pl\/wp-content\/uploads\/2021\/10\/ico_maxwys-150x150.png 150w\" \/>\t\t\t\t\t\t\t\t\t\t\t\t\t\t\t<\/div>\n\t\t\t\t<\/div>\n\t\t\t\t\t<\/div>\n\t\t<\/div>\n\t\t\t\t<div class=\"elementor-column elementor-col-50 elementor-inner-column elementor-element elementor-element-3903f832\" data-id=\"3903f832\" data-element_type=\"column\">\n\t\t\t<div class=\"elementor-widget-wrap elementor-element-populated\">\n\t\t\t\t\t\t\t\t<div class=\"elementor-element elementor-element-5054a80a elementor-widget elementor-widget-wd_text_block\" data-id=\"5054a80a\" data-element_type=\"widget\" data-widget_type=\"wd_text_block.default\">\n\t\t\t\t<div class=\"elementor-widget-container\">\n\t\t\t\t\t<div class=\"wd-text-block reset-last-child text-left\">\n\t\t\t\n\t\t\t<p><strong>H\u00f6he der Plakatwand<br><\/strong>Die Oberkante der Plakatwand befindet sich in einer H\u00f6he von 650 cm.<\/p>\n\t\t\t\t\t<\/div>\n\t\t\t\t<\/div>\n\t\t\t\t<\/div>\n\t\t\t\t\t<\/div>\n\t\t<\/div>\n\t\t\t\t\t\t\t<\/div>\n\t\t<\/section>\n\t\t\t\t<section class=\"wd-negative-gap elementor-section elementor-inner-section elementor-element elementor-element-4916fd34 elementor-section-content-middle elementor-section-boxed elementor-section-height-default elementor-section-height-default wd-section-disabled\" data-id=\"4916fd34\" data-element_type=\"section\">\n\t\t\t\t\t\t<div class=\"elementor-container elementor-column-gap-default\">\n\t\t\t\t\t<div class=\"elementor-column elementor-col-50 elementor-inner-column elementor-element elementor-element-652a209b\" data-id=\"652a209b\" data-element_type=\"column\">\n\t\t\t<div class=\"elementor-widget-wrap elementor-element-populated\">\n\t\t\t\t\t\t\t\t<div class=\"elementor-element elementor-element-2648ff93 elementor-widget elementor-widget-image\" data-id=\"2648ff93\" data-element_type=\"widget\" data-widget_type=\"image.default\">\n\t\t\t\t<div class=\"elementor-widget-container\">\n\t\t\t\t\t\t\t\t\t\t\t\t\t\t\t<img loading=\"lazy\" decoding=\"async\" width=\"250\" height=\"250\" src=\"https:\/\/dillboard.pl\/wp-content\/themes\/woodmart\/images\/lazy.png\" class=\"attachment-full size-full wp-image-9429 wd-lazy-load wd-lazy-fade\" alt=\"\" srcset=\"\" sizes=\"auto, (max-width: 250px) 100vw, 250px\" data-wood-src=\"https:\/\/dillboard.pl\/wp-content\/uploads\/2021\/10\/ico_podstawa.png\" data-srcset=\"https:\/\/dillboard.pl\/wp-content\/uploads\/2021\/10\/ico_podstawa.png 250w, https:\/\/dillboard.pl\/wp-content\/uploads\/2021\/10\/ico_podstawa-150x150.png 150w\" \/>\t\t\t\t\t\t\t\t\t\t\t\t\t\t\t<\/div>\n\t\t\t\t<\/div>\n\t\t\t\t\t<\/div>\n\t\t<\/div>\n\t\t\t\t<div class=\"elementor-column elementor-col-50 elementor-inner-column elementor-element elementor-element-7b226441\" data-id=\"7b226441\" data-element_type=\"column\">\n\t\t\t<div class=\"elementor-widget-wrap elementor-element-populated\">\n\t\t\t\t\t\t\t\t<div class=\"elementor-element elementor-element-7b568e57 elementor-widget elementor-widget-wd_text_block\" data-id=\"7b568e57\" data-element_type=\"widget\" data-widget_type=\"wd_text_block.default\">\n\t\t\t\t<div class=\"elementor-widget-container\">\n\t\t\t\t\t<div class=\"wd-text-block reset-last-child text-left\">\n\t\t\t\n\t\t\t<p><strong>Sockel f\u00fcr Werbetafeln<br><\/strong>Stabiler Sockel mit einer Gesamtbreite von 1000 cm und einer Tiefe von 400 cm, mit zus\u00e4tzlichen horizontalen Profilen zur Unterst\u00fctzung der Last.<\/p>\n\t\t\t\t\t<\/div>\n\t\t\t\t<\/div>\n\t\t\t\t<\/div>\n\t\t\t\t\t<\/div>\n\t\t<\/div>\n\t\t\t\t\t\t\t<\/div>\n\t\t<\/section>\n\t\t\t\t<section class=\"wd-negative-gap elementor-section elementor-inner-section elementor-element elementor-element-2e8f80f5 elementor-section-content-middle elementor-section-boxed elementor-section-height-default elementor-section-height-default wd-section-disabled\" data-id=\"2e8f80f5\" data-element_type=\"section\">\n\t\t\t\t\t\t<div class=\"elementor-container elementor-column-gap-default\">\n\t\t\t\t\t<div class=\"elementor-column elementor-col-50 elementor-inner-column elementor-element elementor-element-30b524ac\" data-id=\"30b524ac\" data-element_type=\"column\">\n\t\t\t<div class=\"elementor-widget-wrap elementor-element-populated\">\n\t\t\t\t\t\t\t\t<div class=\"elementor-element elementor-element-31a8e0e4 elementor-widget elementor-widget-image\" data-id=\"31a8e0e4\" data-element_type=\"widget\" data-widget_type=\"image.default\">\n\t\t\t\t<div class=\"elementor-widget-container\">\n\t\t\t\t\t\t\t\t\t\t\t\t\t\t\t<img loading=\"lazy\" decoding=\"async\" width=\"250\" height=\"250\" src=\"https:\/\/dillboard.pl\/wp-content\/themes\/woodmart\/images\/lazy.png\" class=\"attachment-full size-full wp-image-9424 wd-lazy-load wd-lazy-fade\" alt=\"\" srcset=\"\" sizes=\"auto, (max-width: 250px) 100vw, 250px\" data-wood-src=\"https:\/\/dillboard.pl\/wp-content\/uploads\/2021\/10\/ico_krawezniki.png\" data-srcset=\"https:\/\/dillboard.pl\/wp-content\/uploads\/2021\/10\/ico_krawezniki.png 250w, https:\/\/dillboard.pl\/wp-content\/uploads\/2021\/10\/ico_krawezniki-150x150.png 150w\" \/>\t\t\t\t\t\t\t\t\t\t\t\t\t\t\t<\/div>\n\t\t\t\t<\/div>\n\t\t\t\t\t<\/div>\n\t\t<\/div>\n\t\t\t\t<div class=\"elementor-column elementor-col-50 elementor-inner-column elementor-element elementor-element-74f1559\" data-id=\"74f1559\" data-element_type=\"column\">\n\t\t\t<div class=\"elementor-widget-wrap elementor-element-populated\">\n\t\t\t\t\t\t\t\t<div class=\"elementor-element elementor-element-3504a117 elementor-widget elementor-widget-wd_text_block\" data-id=\"3504a117\" data-element_type=\"widget\" data-widget_type=\"wd_text_block.default\">\n\t\t\t\t<div class=\"elementor-widget-container\">\n\t\t\t\t\t<div class=\"wd-text-block reset-last-child text-left\">\n\t\t\t\n\t\t\t<p><strong>Sockelbelastung<br><\/strong>Der Sockel der Plakatwand ist f\u00fcr eine 1500 x 3000 mm gro\u00dfe Stra\u00dfenplattenlast ausgelegt. Nach vorheriger Absprache sind wir in der Lage, die Plakatwand f\u00fcr jede Art von Ladung vorzubereiten (Legosteine, Jumbo-Boards, usw.). Der Preis beinhaltet nicht die Ladung.<\/p>\n\t\t\t\t\t<\/div>\n\t\t\t\t<\/div>\n\t\t\t\t<\/div>\n\t\t\t\t\t<\/div>\n\t\t<\/div>\n\t\t\t\t\t\t\t<\/div>\n\t\t<\/section>\n\t\t\t\t\t<\/div>\n\t\t<\/div>\n\t\t\t\t<div class=\"elementor-column elementor-col-50 elementor-top-column elementor-element elementor-element-58a6d39\" data-id=\"58a6d39\" data-element_type=\"column\">\n\t\t\t<div class=\"elementor-widget-wrap elementor-element-populated\">\n\t\t\t\t\t\t\t\t<div class=\"elementor-element elementor-element-15709599 elementor-widget elementor-widget-wd_text_block\" data-id=\"15709599\" data-element_type=\"widget\" data-widget_type=\"wd_text_block.default\">\n\t\t\t\t<div class=\"elementor-widget-container\">\n\t\t\t\t\t<div class=\"wd-text-block reset-last-child text-left\">\n\t\t\t\n\t\t\t<p>Mega Mobile Werbetafel sind eines der vielen Angebote, die wir unseren Kunden machen. Wir bieten Ihnen Tafeln an, die aus 48 abgekanteten Paneelen aus 0,7 Millimeter starkem verzinktem Blech bestehen. Unsere Werbetafeln zeichnen sich durch eine sehr hohe Korrosionsbest\u00e4ndigkeit sowie durch eine hohe Widerstandsf\u00e4higkeit gegen mechanische Besch\u00e4digungen aus. Eine sorgf\u00e4ltige und solide Verarbeitung sowie eine zweij\u00e4hrige Garantie sind weitere Merkmale, die jede bei uns bestellte Plakatwand auszeichnen.<\/p><p>Auch der Preis der von uns angebotenen Produkte ist eine \u00dcberlegung wert. Wir garantieren nur Mega Mobile Werbetafeln von sehr hoher Qualit\u00e4t, die sich durch hohe \u00c4sthetik und \u00fcberdurchschnittliche Haltbarkeit auszeichnen. Der Preis f\u00fcr eine Werbetafel h\u00e4ngt von ihrem Format ab. Hervorzuheben ist auch die einfache Befestigung der von uns angebotenen Produkte sowie die Bereitstellung eines Satzes von Halterungen und Befestigungsschrauben.<\/p><p>Alle, die sich f\u00fcr unser Angebot interessieren, sind aufgefordert, sich \u00fcber unsere Preisliste zu informieren und die von uns angebotenen Dienstleistungen in Anspruch zu nehmen.<\/p>\n\t\t\t\t\t<\/div>\n\t\t\t\t<\/div>\n\t\t\t\t<\/div>\n\t\t\t\t\t<\/div>\n\t\t<\/div>\n\t\t\t\t\t\t\t<\/div>\n\t\t<\/section>\n\t\t\t\t<section class=\"wd-negative-gap elementor-section elementor-top-section elementor-element elementor-element-5b751199 elementor-section-boxed elementor-section-height-default elementor-section-height-default wd-section-disabled\" data-id=\"5b751199\" data-element_type=\"section\">\n\t\t\t\t\t\t<div class=\"elementor-container elementor-column-gap-default\">\n\t\t\t\t\t<div class=\"elementor-column elementor-col-100 elementor-top-column elementor-element elementor-element-53fa3c35\" data-id=\"53fa3c35\" data-element_type=\"column\">\n\t\t\t<div class=\"elementor-widget-wrap elementor-element-populated\">\n\t\t\t\t\t\t\t\t<div class=\"elementor-element elementor-element-72b5acd7 elementor-widget elementor-widget-wd_title\" data-id=\"72b5acd7\" data-element_type=\"widget\" data-widget_type=\"wd_title.default\">\n\t\t\t\t<div class=\"elementor-widget-container\">\n\t\t\t\t\t<div class=\"title-wrapper set-mb-s reset-last-child wd-title-color-default wd-title-style-default wd-title-size-default text-center\">\n\n\t\t\t\n\t\t\t<div class=\"liner-continer\">\n\t\t\t\t<h4 class=\"woodmart-title-container title wd-fontsize-l\">Gro\u00dfformatiges 60 m\u00b2&nbsp;gro\u00dfes Mega Werbetafel, das sich in zwei Standard-Weretafeln umwandeln l\u00e4sst.<\/h4> \n\t\t\t\t\t\t\t<\/div>\n\n\t\t\t\t\t<\/div>\n\t\t\t\t<\/div>\n\t\t\t\t<\/div>\n\t\t\t\t\t<\/div>\n\t\t<\/div>\n\t\t\t\t\t\t\t<\/div>\n\t\t<\/section>\n\t\t\t\t<section class=\"wd-negative-gap elementor-section elementor-top-section elementor-element elementor-element-1ee8bba0 elementor-section-content-middle elementor-section-boxed elementor-section-height-default elementor-section-height-default wd-section-disabled\" data-id=\"1ee8bba0\" data-element_type=\"section\">\n\t\t\t\t\t\t<div class=\"elementor-container elementor-column-gap-default\">\n\t\t\t\t\t<div class=\"elementor-column elementor-col-50 elementor-top-column elementor-element elementor-element-2b6cbd5a\" data-id=\"2b6cbd5a\" data-element_type=\"column\">\n\t\t\t<div class=\"elementor-widget-wrap elementor-element-populated\">\n\t\t\t\t\t\t\t\t<div class=\"elementor-element elementor-element-3b150389 color-scheme-inherit text-left elementor-widget elementor-widget-text-editor\" data-id=\"3b150389\" data-element_type=\"widget\" data-widget_type=\"text-editor.default\">\n\t\t\t\t<div class=\"elementor-widget-container\">\n\t\t\t<style>\/*! elementor - v3.15.0 - 20-08-2023 *\/\n.elementor-widget-text-editor.elementor-drop-cap-view-stacked .elementor-drop-cap{background-color:#69727d;color:#fff}.elementor-widget-text-editor.elementor-drop-cap-view-framed .elementor-drop-cap{color:#69727d;border:3px solid;background-color:transparent}.elementor-widget-text-editor:not(.elementor-drop-cap-view-default) .elementor-drop-cap{margin-top:8px}.elementor-widget-text-editor:not(.elementor-drop-cap-view-default) .elementor-drop-cap-letter{width:1em;height:1em}.elementor-widget-text-editor .elementor-drop-cap{float:left;text-align:center;line-height:1;font-size:50px}.elementor-widget-text-editor .elementor-drop-cap-letter{display:inline-block}<\/style>\t\t\t\t<p>Das 60 m\u00b2 gro\u00dfe Modell ist das einzige Mega Billboard auf dem polnischen Markt, das sich leicht in zwei umbaubare Billboards mit 12 m\u00b2 gro\u00dfen Standardtafeln verwandeln l\u00e4sst.<\/p>\n<p><strong>Eine L\u00f6sung, die wir besonders empfehlen:<\/strong><\/p>\n<ul>\n<li>Wenn aufgrund von Gesetzes\u00e4nderungen in Ihrer Stadt (Landschaftsschutzgesetz) eine Situation eintritt, in der gro\u00dfformatige Werbetafeln im st\u00e4dtischen Raum nicht mehr zul\u00e4ssig sind (z. B. Begrenzung der Anzeigefl\u00e4che auf 12 m\u00b2 &#8211; am Beispiel der Stadt Poznan).<\/li>\n<li>Verlegung der Werbetafel an einen neuen Standort mit begrenzter Aufstellfl\u00e4che.<\/li>\n<li>Weiterverkauf eines Teils der Werbefl\u00e4che,<\/li>\n<\/ul>\n<p>Wie auch immer, wenn Sie sich f\u00fcr unser Design entscheiden, k\u00f6nnen Sie beruhigt sein. Wir haben eine L\u00f6sung entwickelt, bei der die Beine zusammen mit dem Sockel die Basis f\u00fcr zwei separate Plakatstrukturen bilden k\u00f6nnen. Die Paneele einer einzigen 60 m\u00b2 gro\u00dfen Platte k\u00f6nnen dann schnell zu 4 separaten 504 x 238 cm gro\u00dfen Platten umkonfiguriert werden.<\/p>\n<div class=\"fusion-one-half fusion-layout-column fusion-spacing-yes\">\n<div class=\"fusion-column-wrapper\">\n<p>So k\u00f6nnen wir aus einem Mega Billboard, abh\u00e4ngig von der Konfiguration der Tafeln, zwei Billboards in <a href=\"https:\/\/dillboard.pl\/new\/kategoria-produktu\/billboardy-przestawne\/\">Standard<\/a>&#8211; oder <a href=\"https:\/\/dillboard.pl\/new\/kategoria-produktu\/billboardy-przestawne-podwojne\/\">Doppelkonfiguration<\/a> erstellen.<\/p>\n<\/div>\n<\/div>\n\t\t\t\t\t\t<\/div>\n\t\t\t\t<\/div>\n\t\t\t\t\t<\/div>\n\t\t<\/div>\n\t\t\t\t<div class=\"elementor-column elementor-col-50 elementor-top-column elementor-element elementor-element-7544419d\" data-id=\"7544419d\" data-element_type=\"column\">\n\t\t\t<div class=\"elementor-widget-wrap elementor-element-populated\">\n\t\t\t\t\t\t\t\t<div class=\"elementor-element elementor-element-7a35d5ac elementor-widget elementor-widget-image\" data-id=\"7a35d5ac\" data-element_type=\"widget\" data-widget_type=\"image.default\">\n\t\t\t\t<div class=\"elementor-widget-container\">\n\t\t\t\t\t\t\t\t\t\t\t\t\t\t\t<img loading=\"lazy\" decoding=\"async\" width=\"780\" height=\"800\" src=\"https:\/\/dillboard.pl\/wp-content\/themes\/woodmart\/images\/lazy.png\" class=\"attachment-large size-large wp-image-9508 wd-lazy-load wd-lazy-fade\" alt=\"\" srcset=\"\" sizes=\"auto, (max-width: 780px) 100vw, 780px\" data-wood-src=\"https:\/\/dillboard.pl\/wp-content\/uploads\/2022\/07\/megabillboar_rekonfiguracja-780x800.png\" data-srcset=\"https:\/\/dillboard.pl\/wp-content\/uploads\/2022\/07\/megabillboar_rekonfiguracja-780x800.png 780w, https:\/\/dillboard.pl\/wp-content\/uploads\/2022\/07\/megabillboar_rekonfiguracja-292x300.png 292w, https:\/\/dillboard.pl\/wp-content\/uploads\/2022\/07\/megabillboar_rekonfiguracja-768x788.png 768w, https:\/\/dillboard.pl\/wp-content\/uploads\/2022\/07\/megabillboar_rekonfiguracja-430x441.png 430w, https:\/\/dillboard.pl\/wp-content\/uploads\/2022\/07\/megabillboar_rekonfiguracja-700x718.png 700w, https:\/\/dillboard.pl\/wp-content\/uploads\/2022\/07\/megabillboar_rekonfiguracja-350x359.png 350w, https:\/\/dillboard.pl\/wp-content\/uploads\/2022\/07\/megabillboar_rekonfiguracja-150x154.png 150w, https:\/\/dillboard.pl\/wp-content\/uploads\/2022\/07\/megabillboar_rekonfiguracja.png 800w\" \/>\t\t\t\t\t\t\t\t\t\t\t\t\t\t\t<\/div>\n\t\t\t\t<\/div>\n\t\t\t\t\t<\/div>\n\t\t<\/div>\n\t\t\t\t\t\t\t<\/div>\n\t\t<\/section>\n\t\t\t\t\t\t\t<\/div>\n\t\t","protected":false},"excerpt":{"rendered":"<p>Plakatwand, bestehend aus 48 Tafeln im Format:500 x 2500 x 59 mm BefestigungDie Platte wird mit vier 50 x 50-Kan\u00e4len<\/p>\n","protected":false},"featured_media":9422,"template":"","meta":[],"product_cat":[188],"product_tag":[],"class_list":["post-9914","product","type-product","status-publish","has-post-thumbnail","hentry","product_cat-mega-mobile-werbetafeln"],"_links":{"self":[{"href":"https:\/\/dillboard.pl\/de\/wp-json\/wp\/v2\/product\/9914","targetHints":{"allow":["GET"]}}],"collection":[{"href":"https:\/\/dillboard.pl\/de\/wp-json\/wp\/v2\/product"}],"about":[{"href":"https:\/\/dillboard.pl\/de\/wp-json\/wp\/v2\/types\/product"}],"version-history":[{"count":1,"href":"https:\/\/dillboard.pl\/de\/wp-json\/wp\/v2\/product\/9914\/revisions"}],"predecessor-version":[{"id":9915,"href":"https:\/\/dillboard.pl\/de\/wp-json\/wp\/v2\/product\/9914\/revisions\/9915"}],"wp:featuredmedia":[{"embeddable":true,"href":"https:\/\/dillboard.pl\/de\/wp-json\/wp\/v2\/media\/9422"}],"wp:attachment":[{"href":"https:\/\/dillboard.pl\/de\/wp-json\/wp\/v2\/media?parent=9914"}],"wp:term":[{"taxonomy":"product_cat","embeddable":true,"href":"https:\/\/dillboard.pl\/de\/wp-json\/wp\/v2\/product_cat?post=9914"},{"taxonomy":"product_tag","embeddable":true,"href":"https:\/\/dillboard.pl\/de\/wp-json\/wp\/v2\/product_tag?post=9914"}],"curies":[{"name":"wp","href":"https:\/\/api.w.org\/{rel}","templated":true}]}}