{"id":10706,"date":"2022-07-02T15:46:59","date_gmt":"2022-07-02T13:46:59","guid":{"rendered":"https:\/\/dillboard.pl\/produkt\/mega-indlejret-billboard-standard-60-dobbeltsidet\/"},"modified":"2024-12-01T23:01:23","modified_gmt":"2024-12-01T22:01:23","slug":"mega-indlejret-billboard-standard-60-dobbeltsidet","status":"publish","type":"product","link":"https:\/\/dillboard.pl\/da\/produkt\/mega-indlejret-billboard-standard-60-dobbeltsidet\/","title":{"rendered":"Mega indlejret billboard Standard 60 dobbeltsidet"},"content":{"rendered":"\t\t<div data-elementor-type=\"wp-post\" data-elementor-id=\"10706\" class=\"elementor elementor-10706 elementor-8590\">\n\t\t\t\t\t\t\t\t\t<section class=\"wd-negative-gap elementor-section elementor-top-section elementor-element elementor-element-4d30ecc4 elementor-section-boxed elementor-section-height-default elementor-section-height-default wd-section-disabled\" data-id=\"4d30ecc4\" data-element_type=\"section\">\n\t\t\t\t\t\t<div class=\"elementor-container elementor-column-gap-default\">\n\t\t\t\t\t<div class=\"elementor-column elementor-col-50 elementor-top-column elementor-element elementor-element-41b2d66a\" data-id=\"41b2d66a\" data-element_type=\"column\">\n\t\t\t<div class=\"elementor-widget-wrap elementor-element-populated\">\n\t\t\t\t\t\t\t\t<section class=\"wd-negative-gap elementor-section elementor-inner-section elementor-element elementor-element-4da6dbab elementor-section-content-middle elementor-section-boxed elementor-section-height-default elementor-section-height-default wd-section-disabled\" data-id=\"4da6dbab\" data-element_type=\"section\">\n\t\t\t\t\t\t<div class=\"elementor-container elementor-column-gap-default\">\n\t\t\t\t\t<div class=\"elementor-column elementor-col-50 elementor-inner-column elementor-element elementor-element-4777f9b9\" data-id=\"4777f9b9\" data-element_type=\"column\">\n\t\t\t<div class=\"elementor-widget-wrap elementor-element-populated\">\n\t\t\t\t\t\t\t\t<div class=\"elementor-element elementor-element-615dd18b elementor-widget elementor-widget-image\" data-id=\"615dd18b\" data-element_type=\"widget\" data-widget_type=\"image.default\">\n\t\t\t\t<div class=\"elementor-widget-container\">\n\t\t\t<style>\/*! elementor - v3.15.0 - 20-08-2023 *\/\n.elementor-widget-image{text-align:center}.elementor-widget-image a{display:inline-block}.elementor-widget-image a img[src$=\".svg\"]{width:48px}.elementor-widget-image img{vertical-align:middle;display:inline-block}<\/style>\t\t\t\t\t\t\t\t\t\t\t\t<img loading=\"lazy\" decoding=\"async\" width=\"250\" height=\"250\" src=\"https:\/\/dillboard.pl\/wp-content\/themes\/woodmart\/images\/lazy.png\" class=\"attachment-full size-full wp-image-10413 wd-lazy-load wd-lazy-fade\" alt=\"\" srcset=\"\" sizes=\"auto, (max-width: 250px) 100vw, 250px\" data-wood-src=\"https:\/\/dillboard.pl\/wp-content\/uploads\/2021\/10\/ico_panele.png\" data-srcset=\"https:\/\/dillboard.pl\/wp-content\/uploads\/2021\/10\/ico_panele.png 250w, https:\/\/dillboard.pl\/wp-content\/uploads\/2021\/10\/ico_panele-150x150.png 150w\" \/>\t\t\t\t\t\t\t\t\t\t\t\t\t\t\t<\/div>\n\t\t\t\t<\/div>\n\t\t\t\t\t<\/div>\n\t\t<\/div>\n\t\t\t\t<div class=\"elementor-column elementor-col-50 elementor-inner-column elementor-element elementor-element-2f7ab7de\" data-id=\"2f7ab7de\" data-element_type=\"column\">\n\t\t\t<div class=\"elementor-widget-wrap elementor-element-populated\">\n\t\t\t\t\t\t\t\t<div class=\"elementor-element elementor-element-8df34f6 elementor-widget elementor-widget-wd_text_block\" data-id=\"8df34f6\" data-element_type=\"widget\" data-widget_type=\"wd_text_block.default\">\n\t\t\t\t<div class=\"elementor-widget-container\">\n\t\t\t\t\t<div class=\"wd-text-block reset-last-child text-left\">\n\t\t\t\n\t\t\t<p><b>Billboard-sk\u00e6rm best\u00e5ende af 48 paneler i format:<\/b><br>500 x 2500 x 59 mm<\/p>\n\t\t\t\t\t<\/div>\n\t\t\t\t<\/div>\n\t\t\t\t<\/div>\n\t\t\t\t\t<\/div>\n\t\t<\/div>\n\t\t\t\t\t\t\t<\/div>\n\t\t<\/section>\n\t\t\t\t<section class=\"wd-negative-gap elementor-section elementor-inner-section elementor-element elementor-element-4cf847e5 elementor-section-content-middle elementor-section-boxed elementor-section-height-default elementor-section-height-default wd-section-disabled\" data-id=\"4cf847e5\" data-element_type=\"section\">\n\t\t\t\t\t\t<div class=\"elementor-container elementor-column-gap-default\">\n\t\t\t\t\t<div class=\"elementor-column elementor-col-50 elementor-inner-column elementor-element elementor-element-12399fa7\" data-id=\"12399fa7\" data-element_type=\"column\">\n\t\t\t<div class=\"elementor-widget-wrap elementor-element-populated\">\n\t\t\t\t\t\t\t\t<div class=\"elementor-element elementor-element-4d39e689 elementor-widget elementor-widget-image\" data-id=\"4d39e689\" data-element_type=\"widget\" data-widget_type=\"image.default\">\n\t\t\t\t<div class=\"elementor-widget-container\">\n\t\t\t\t\t\t\t\t\t\t\t\t\t\t\t<img loading=\"lazy\" decoding=\"async\" width=\"250\" height=\"250\" src=\"https:\/\/dillboard.pl\/wp-content\/themes\/woodmart\/images\/lazy.png\" class=\"attachment-full size-full wp-image-10420 wd-lazy-load wd-lazy-fade\" alt=\"\" srcset=\"\" sizes=\"auto, (max-width: 250px) 100vw, 250px\" data-wood-src=\"https:\/\/dillboard.pl\/wp-content\/uploads\/2021\/10\/ico_ceowniki.png\" data-srcset=\"https:\/\/dillboard.pl\/wp-content\/uploads\/2021\/10\/ico_ceowniki.png 250w, https:\/\/dillboard.pl\/wp-content\/uploads\/2021\/10\/ico_ceowniki-150x150.png 150w\" \/>\t\t\t\t\t\t\t\t\t\t\t\t\t\t\t<\/div>\n\t\t\t\t<\/div>\n\t\t\t\t\t<\/div>\n\t\t<\/div>\n\t\t\t\t<div class=\"elementor-column elementor-col-50 elementor-inner-column elementor-element elementor-element-5f384634\" data-id=\"5f384634\" data-element_type=\"column\">\n\t\t\t<div class=\"elementor-widget-wrap elementor-element-populated\">\n\t\t\t\t\t\t\t\t<div class=\"elementor-element elementor-element-28b18771 elementor-widget elementor-widget-wd_text_block\" data-id=\"28b18771\" data-element_type=\"widget\" data-widget_type=\"wd_text_block.default\">\n\t\t\t\t<div class=\"elementor-widget-container\">\n\t\t\t\t\t<div class=\"wd-text-block reset-last-child text-left\">\n\t\t\t\n\t\t\t<p><b>Mountingbodl<br><\/b>monteret p\u00e5 benene ved hj\u00e6lp af fire 50 x 50 kanaler med en v\u00e6gtykkelse p\u00e5 3 mm.<\/p>\n\t\t\t\t\t<\/div>\n\t\t\t\t<\/div>\n\t\t\t\t<\/div>\n\t\t\t\t\t<\/div>\n\t\t<\/div>\n\t\t\t\t\t\t\t<\/div>\n\t\t<\/section>\n\t\t\t\t<section class=\"wd-negative-gap elementor-section elementor-inner-section elementor-element elementor-element-1f6188c5 elementor-section-content-middle elementor-section-boxed elementor-section-height-default elementor-section-height-default wd-section-disabled\" data-id=\"1f6188c5\" data-element_type=\"section\">\n\t\t\t\t\t\t<div class=\"elementor-container elementor-column-gap-default\">\n\t\t\t\t\t<div class=\"elementor-column elementor-col-50 elementor-inner-column elementor-element elementor-element-889925a\" data-id=\"889925a\" data-element_type=\"column\">\n\t\t\t<div class=\"elementor-widget-wrap elementor-element-populated\">\n\t\t\t\t\t\t\t\t<div class=\"elementor-element elementor-element-3e36442c elementor-widget elementor-widget-image\" data-id=\"3e36442c\" data-element_type=\"widget\" data-widget_type=\"image.default\">\n\t\t\t\t<div class=\"elementor-widget-container\">\n\t\t\t\t\t\t\t\t\t\t\t\t\t\t\t<img loading=\"lazy\" decoding=\"async\" width=\"250\" height=\"250\" src=\"https:\/\/dillboard.pl\/wp-content\/themes\/woodmart\/images\/lazy.png\" class=\"attachment-full size-full wp-image-10411 wd-lazy-load wd-lazy-fade\" alt=\"\" srcset=\"\" sizes=\"auto, (max-width: 250px) 100vw, 250px\" data-wood-src=\"https:\/\/dillboard.pl\/wp-content\/uploads\/2021\/10\/ico_nogi.png\" data-srcset=\"https:\/\/dillboard.pl\/wp-content\/uploads\/2021\/10\/ico_nogi.png 250w, https:\/\/dillboard.pl\/wp-content\/uploads\/2021\/10\/ico_nogi-150x150.png 150w\" \/>\t\t\t\t\t\t\t\t\t\t\t\t\t\t\t<\/div>\n\t\t\t\t<\/div>\n\t\t\t\t\t<\/div>\n\t\t<\/div>\n\t\t\t\t<div class=\"elementor-column elementor-col-50 elementor-inner-column elementor-element elementor-element-18e5081\" data-id=\"18e5081\" data-element_type=\"column\">\n\t\t\t<div class=\"elementor-widget-wrap elementor-element-populated\">\n\t\t\t\t\t\t\t\t<div class=\"elementor-element elementor-element-3e254666 elementor-widget elementor-widget-wd_text_block\" data-id=\"3e254666\" data-element_type=\"widget\" data-widget_type=\"wd_text_block.default\">\n\t\t\t\t<div class=\"elementor-widget-container\">\n\t\t\t\t\t<div class=\"wd-text-block reset-last-child text-left\">\n\t\t\t\n\t\t\t<p><strong>Billboard legs strong<br><\/strong>Strukturens hovedben er fremstillet af en 90 x 90 firkantet profil med 4 mm v\u00e6gtykkelse.<\/p>\n\t\t\t\t\t<\/div>\n\t\t\t\t<\/div>\n\t\t\t\t<\/div>\n\t\t\t\t\t<\/div>\n\t\t<\/div>\n\t\t\t\t\t\t\t<\/div>\n\t\t<\/section>\n\t\t\t\t<section class=\"wd-negative-gap elementor-section elementor-inner-section elementor-element elementor-element-40ad15dc elementor-section-content-middle elementor-section-boxed elementor-section-height-default elementor-section-height-default wd-section-disabled\" data-id=\"40ad15dc\" data-element_type=\"section\">\n\t\t\t\t\t\t<div class=\"elementor-container elementor-column-gap-default\">\n\t\t\t\t\t<div class=\"elementor-column elementor-col-50 elementor-inner-column elementor-element elementor-element-8ab0f59\" data-id=\"8ab0f59\" data-element_type=\"column\">\n\t\t\t<div class=\"elementor-widget-wrap elementor-element-populated\">\n\t\t\t\t\t\t\t\t<div class=\"elementor-element elementor-element-6a4af2bb elementor-widget elementor-widget-image\" data-id=\"6a4af2bb\" data-element_type=\"widget\" data-widget_type=\"image.default\">\n\t\t\t\t<div class=\"elementor-widget-container\">\n\t\t\t\t\t\t\t\t\t\t\t\t\t\t\t<img loading=\"lazy\" decoding=\"async\" width=\"250\" height=\"250\" src=\"https:\/\/dillboard.pl\/wp-content\/themes\/woodmart\/images\/lazy.png\" class=\"attachment-full size-full wp-image-10410 wd-lazy-load wd-lazy-fade\" alt=\"\" srcset=\"\" sizes=\"auto, (max-width: 250px) 100vw, 250px\" data-wood-src=\"https:\/\/dillboard.pl\/wp-content\/uploads\/2021\/10\/ico_maxwys.png\" data-srcset=\"https:\/\/dillboard.pl\/wp-content\/uploads\/2021\/10\/ico_maxwys.png 250w, https:\/\/dillboard.pl\/wp-content\/uploads\/2021\/10\/ico_maxwys-150x150.png 150w\" \/>\t\t\t\t\t\t\t\t\t\t\t\t\t\t\t<\/div>\n\t\t\t\t<\/div>\n\t\t\t\t\t<\/div>\n\t\t<\/div>\n\t\t\t\t<div class=\"elementor-column elementor-col-50 elementor-inner-column elementor-element elementor-element-2df3720c\" data-id=\"2df3720c\" data-element_type=\"column\">\n\t\t\t<div class=\"elementor-widget-wrap elementor-element-populated\">\n\t\t\t\t\t\t\t\t<div class=\"elementor-element elementor-element-29ddbec0 elementor-widget elementor-widget-wd_text_block\" data-id=\"29ddbec0\" data-element_type=\"widget\" data-widget_type=\"wd_text_block.default\">\n\t\t\t\t<div class=\"elementor-widget-container\">\n\t\t\t\t\t<div class=\"wd-text-block reset-last-child text-left\">\n\t\t\t\n\t\t\t<p><strong>Billboardets h\u00f8jde<br><\/strong>Billboardets \u00f8verste kant er i en h\u00f8jde af 650 cm.<\/p>\n\t\t\t\t\t<\/div>\n\t\t\t\t<\/div>\n\t\t\t\t<\/div>\n\t\t\t\t\t<\/div>\n\t\t<\/div>\n\t\t\t\t\t\t\t<\/div>\n\t\t<\/section>\n\t\t\t\t<section class=\"wd-negative-gap elementor-section elementor-inner-section elementor-element elementor-element-5aba8c9b elementor-section-content-middle elementor-section-boxed elementor-section-height-default elementor-section-height-default wd-section-disabled\" data-id=\"5aba8c9b\" data-element_type=\"section\">\n\t\t\t\t\t\t<div class=\"elementor-container elementor-column-gap-default\">\n\t\t\t\t\t<div class=\"elementor-column elementor-col-50 elementor-inner-column elementor-element elementor-element-6a20e405\" data-id=\"6a20e405\" data-element_type=\"column\">\n\t\t\t<div class=\"elementor-widget-wrap elementor-element-populated\">\n\t\t\t\t\t\t\t\t<div class=\"elementor-element elementor-element-490d54f0 elementor-widget elementor-widget-image\" data-id=\"490d54f0\" data-element_type=\"widget\" data-widget_type=\"image.default\">\n\t\t\t\t<div class=\"elementor-widget-container\">\n\t\t\t\t\t\t\t\t\t\t\t\t\t\t\t<img loading=\"lazy\" decoding=\"async\" width=\"250\" height=\"250\" src=\"https:\/\/dillboard.pl\/wp-content\/themes\/woodmart\/images\/lazy.png\" class=\"attachment-full size-full wp-image-10423 wd-lazy-load wd-lazy-fade\" alt=\"\" srcset=\"\" sizes=\"auto, (max-width: 250px) 100vw, 250px\" data-wood-src=\"https:\/\/dillboard.pl\/wp-content\/uploads\/2021\/10\/ico_fundament.png\" data-srcset=\"https:\/\/dillboard.pl\/wp-content\/uploads\/2021\/10\/ico_fundament.png 250w, https:\/\/dillboard.pl\/wp-content\/uploads\/2021\/10\/ico_fundament-150x150.png 150w\" \/>\t\t\t\t\t\t\t\t\t\t\t\t\t\t\t<\/div>\n\t\t\t\t<\/div>\n\t\t\t\t\t<\/div>\n\t\t<\/div>\n\t\t\t\t<div class=\"elementor-column elementor-col-50 elementor-inner-column elementor-element elementor-element-3353a2d5\" data-id=\"3353a2d5\" data-element_type=\"column\">\n\t\t\t<div class=\"elementor-widget-wrap elementor-element-populated\">\n\t\t\t\t\t\t\t\t<div class=\"elementor-element elementor-element-151e6de5 elementor-widget elementor-widget-wd_text_block\" data-id=\"151e6de5\" data-element_type=\"widget\" data-widget_type=\"wd_text_block.default\">\n\t\t\t\t<div class=\"elementor-widget-container\">\n\t\t\t\t\t<div class=\"wd-text-block reset-last-child text-left\">\n\t\t\t\n\t\t\t<p><strong>Solidt fundament<br><\/strong>Armeret betonfundament af 100 x 100 kvadratisk profil med en v\u00e6gtykkelse p\u00e5 3 mm, som g\u00f8r, at monteringen af strukturen f\u00f8rst finder sted, n\u00e5r betonmassen er h\u00e6rdet, og at pladen let kan demonteres til et andet sted uden behov for at sk\u00e6re benene af og miste strukturens b\u00e6rende v\u00e6rdier.<\/p>\n\t\t\t\t\t<\/div>\n\t\t\t\t<\/div>\n\t\t\t\t<\/div>\n\t\t\t\t\t<\/div>\n\t\t<\/div>\n\t\t\t\t\t\t\t<\/div>\n\t\t<\/section>\n\t\t\t\t\t<\/div>\n\t\t<\/div>\n\t\t\t\t<div class=\"elementor-column elementor-col-50 elementor-top-column elementor-element elementor-element-5a5d4dda\" data-id=\"5a5d4dda\" data-element_type=\"column\">\n\t\t\t<div class=\"elementor-widget-wrap elementor-element-populated\">\n\t\t\t\t\t\t\t\t<div class=\"elementor-element elementor-element-282baa9 elementor-widget elementor-widget-wd_text_block\" data-id=\"282baa9\" data-element_type=\"widget\" data-widget_type=\"wd_text_block.default\">\n\t\t\t\t<div class=\"elementor-widget-container\">\n\t\t\t\t\t<div class=\"wd-text-block reset-last-child text-left\">\n\t\t\t\n\t\t\t<p>Mega nedgravede billboards er et af de mange forslag, vi tilbyder vores kunder. Vi tilbyder dig plader best\u00e5ende af 48 kantb\u00f8jede paneler lavet af 0,7 millimeter tyk galvaniseret metalplade. Vores reklametavler er kendetegnet ved en meget h\u00f8j modstandsdygtighed over for korrosion og mekaniske skader. Omhyggeligt og solidt h\u00e5ndv\u00e6rk og to \u00e5rs garanti er yderligere egenskaber, der kendetegner alle billboards, der bestilles hos os.<\/p><p>Det er ogs\u00e5 v\u00e6rd at overveje prisen p\u00e5 de produkter, vi leverer. Vi garanterer kun megabillboards af meget god kvalitet, som er kendetegnet ved h\u00f8j \u00e6stetik og holdbarhed over gennemsnittet. Prisen p\u00e5 en billboard afh\u00e6nger af dens format. Warto r\u00f3wnie\u017c zauwa\u017cy\u0107, \u017ce oferowane przez nas produkty s\u0105 \u0142atwe w instalacji i dostarczane z zestawem wspornik\u00f3w i \u015brub monta\u017cowych.<\/p><p>Alle, der er interesserede i vores tilbud, opfordres til at finde ud af mere om vores prisliste og drage fordel af de tjenester, vi leverer.<\/p>\n\t\t\t\t\t<\/div>\n\t\t\t\t<\/div>\n\t\t\t\t<\/div>\n\t\t\t\t\t<\/div>\n\t\t<\/div>\n\t\t\t\t\t\t\t<\/div>\n\t\t<\/section>\n\t\t\t\t<section class=\"wd-negative-gap elementor-section elementor-top-section elementor-element elementor-element-7f288794 elementor-section-boxed elementor-section-height-default elementor-section-height-default wd-section-disabled\" data-id=\"7f288794\" data-element_type=\"section\">\n\t\t\t\t\t\t<div class=\"elementor-container elementor-column-gap-default\">\n\t\t\t\t\t<div class=\"elementor-column elementor-col-100 elementor-top-column elementor-element elementor-element-40c13855\" data-id=\"40c13855\" data-element_type=\"column\">\n\t\t\t<div class=\"elementor-widget-wrap elementor-element-populated\">\n\t\t\t\t\t\t\t\t<div class=\"elementor-element elementor-element-46026265 elementor-widget elementor-widget-wd_title\" data-id=\"46026265\" data-element_type=\"widget\" data-widget_type=\"wd_title.default\">\n\t\t\t\t<div class=\"elementor-widget-container\">\n\t\t\t\t\t<div class=\"title-wrapper set-mb-s reset-last-child wd-title-color-default wd-title-style-default wd-title-size-default text-center\">\n\n\t\t\t\n\t\t\t<div class=\"liner-continer\">\n\t\t\t\t<h4 class=\"woodmart-title-container title wd-fontsize-l\">Storformat 60 m\u00b2 Mega Billboard, der kan omkonfigureres til to standard nedgravede billboards.<\/h4> \n\t\t\t\t\t\t\t<\/div>\n\n\t\t\t\t\t<\/div>\n\t\t\t\t<\/div>\n\t\t\t\t<\/div>\n\t\t\t\t\t<\/div>\n\t\t<\/div>\n\t\t\t\t\t\t\t<\/div>\n\t\t<\/section>\n\t\t\t\t<section class=\"wd-negative-gap elementor-section elementor-top-section elementor-element elementor-element-368b8ffc elementor-section-content-middle elementor-section-boxed elementor-section-height-default elementor-section-height-default wd-section-disabled\" data-id=\"368b8ffc\" data-element_type=\"section\">\n\t\t\t\t\t\t<div class=\"elementor-container elementor-column-gap-default\">\n\t\t\t\t\t<div class=\"elementor-column elementor-col-50 elementor-top-column elementor-element elementor-element-1c721d60\" data-id=\"1c721d60\" data-element_type=\"column\">\n\t\t\t<div class=\"elementor-widget-wrap elementor-element-populated\">\n\t\t\t\t\t\t\t\t<div class=\"elementor-element elementor-element-68a8ac00 color-scheme-inherit text-left elementor-widget elementor-widget-text-editor\" data-id=\"68a8ac00\" data-element_type=\"widget\" data-widget_type=\"text-editor.default\">\n\t\t\t\t<div class=\"elementor-widget-container\">\n\t\t\t<style>\/*! elementor - v3.15.0 - 20-08-2023 *\/\n.elementor-widget-text-editor.elementor-drop-cap-view-stacked .elementor-drop-cap{background-color:#69727d;color:#fff}.elementor-widget-text-editor.elementor-drop-cap-view-framed .elementor-drop-cap{color:#69727d;border:3px solid;background-color:transparent}.elementor-widget-text-editor:not(.elementor-drop-cap-view-default) .elementor-drop-cap{margin-top:8px}.elementor-widget-text-editor:not(.elementor-drop-cap-view-default) .elementor-drop-cap-letter{width:1em;height:1em}.elementor-widget-text-editor .elementor-drop-cap{float:left;text-align:center;line-height:1;font-size:50px}.elementor-widget-text-editor .elementor-drop-cap-letter{display:inline-block}<\/style>\t\t\t\t<p>Modellen p\u00e5 60 m\u00b2 er den eneste Mega Billboard p\u00e5 det polske marked med mulighed for nem omkonfiguration til to nedgravede billboards med standardtavler p\u00e5 12 m\u00b2.<\/p>\n<p><strong>En l\u00f8sning, vi is\u00e6r anbefaler:<\/strong><\/p>\n<ul>\n<li>N\u00e5r der p\u00e5 grund af lov\u00e6ndringer i din by (landskabsbeskyttelsesloven) opst\u00e5r en situation, hvor storformatsreklamer ikke l\u00e6ngere er tilladt i byrummet (f.eks. begr\u00e6nsning af udstillingsarealet til 12 m\u00b2 &#8211; med Poznan som eksempel).<\/li>\n<li>Flytning af billboardet til en ny placering med begr\u00e6nset installationsplads.<\/li>\n<li>Videresalg af en del af reklamepladsen,<\/li>\n<\/ul>\n<p>Uanset hvad, kan du v\u00e6re sikker p\u00e5 at v\u00e6lge vores design. Vi har udviklet en l\u00f8sning, hvor benene sammen med fundamentet kan udg\u00f8re basen for to separate billboard-strukturer. Paneler fra en enkelt sk\u00e6rm p\u00e5 60 m\u00b2 kan derefter hurtigt omkonfigureres til 4 separate sk\u00e6rme til plader p\u00e5 504 x 238 cm.<\/p>\n<p>Fra et Mega Billboard kan vi s\u00e5ledes, afh\u00e6ngigt af tavlernes konfiguration, skabe to <a href=\"https:\/\/dillboard.pl\/new\/kategoria-produktu\/billboardy-wkopane\/\">forankrede <\/a> billboards eller, efter at have tilf\u00f8jet baser: to konvertible billboards i <a href=\"https:\/\/dillboard.pl\/new\/kategoria-produktu\/billboardy-przestawne\/\">standard- <\/a> eller <a href=\"https:\/\/dillboard.pl\/new\/kategoria-produktu\/billboardy-przestawne-podwojne\/\">dobbeltkonfiguration<\/a>.<\/p>\n\t\t\t\t\t\t<\/div>\n\t\t\t\t<\/div>\n\t\t\t\t\t<\/div>\n\t\t<\/div>\n\t\t\t\t<div class=\"elementor-column elementor-col-50 elementor-top-column elementor-element elementor-element-7a454fc9\" data-id=\"7a454fc9\" data-element_type=\"column\">\n\t\t\t<div class=\"elementor-widget-wrap elementor-element-populated\">\n\t\t\t\t\t\t\t\t<div class=\"elementor-element elementor-element-75624895 elementor-widget elementor-widget-image\" data-id=\"75624895\" data-element_type=\"widget\" data-widget_type=\"image.default\">\n\t\t\t\t<div class=\"elementor-widget-container\">\n\t\t\t\t\t\t\t\t\t\t\t\t\t\t\t<img loading=\"lazy\" decoding=\"async\" width=\"780\" height=\"800\" src=\"https:\/\/dillboard.pl\/wp-content\/themes\/woodmart\/images\/lazy.png\" class=\"attachment-large size-large wp-image-10511 wd-lazy-load wd-lazy-fade\" alt=\"\" srcset=\"\" sizes=\"auto, (max-width: 780px) 100vw, 780px\" data-wood-src=\"https:\/\/dillboard.pl\/wp-content\/uploads\/2022\/07\/megabillboard_wkopany_rekonfiguracja-780x800.png\" data-srcset=\"https:\/\/dillboard.pl\/wp-content\/uploads\/2022\/07\/megabillboard_wkopany_rekonfiguracja-780x800.png 780w, https:\/\/dillboard.pl\/wp-content\/uploads\/2022\/07\/megabillboard_wkopany_rekonfiguracja-292x300.png 292w, https:\/\/dillboard.pl\/wp-content\/uploads\/2022\/07\/megabillboard_wkopany_rekonfiguracja-768x788.png 768w, https:\/\/dillboard.pl\/wp-content\/uploads\/2022\/07\/megabillboard_wkopany_rekonfiguracja-430x441.png 430w, https:\/\/dillboard.pl\/wp-content\/uploads\/2022\/07\/megabillboard_wkopany_rekonfiguracja-700x718.png 700w, https:\/\/dillboard.pl\/wp-content\/uploads\/2022\/07\/megabillboard_wkopany_rekonfiguracja-350x359.png 350w, https:\/\/dillboard.pl\/wp-content\/uploads\/2022\/07\/megabillboard_wkopany_rekonfiguracja-150x154.png 150w, https:\/\/dillboard.pl\/wp-content\/uploads\/2022\/07\/megabillboard_wkopany_rekonfiguracja.png 800w\" \/>\t\t\t\t\t\t\t\t\t\t\t\t\t\t\t<\/div>\n\t\t\t\t<\/div>\n\t\t\t\t\t<\/div>\n\t\t<\/div>\n\t\t\t\t\t\t\t<\/div>\n\t\t<\/section>\n\t\t\t\t\t\t\t<\/div>\n\t\t","protected":false},"excerpt":{"rendered":"<p>Billboard-sk\u00e6rm best\u00e5ende af 48 paneler i format:500 x 2500 x 59 mm Mountingbodlmonteret p\u00e5 benene ved hj\u00e6lp af fire 50<\/p>\n","protected":false},"featured_media":10408,"template":"","meta":[],"product_cat":[311],"product_tag":[],"class_list":["post-10706","product","type-product","status-publish","has-post-thumbnail","hentry","product_cat-mega-indlejret-billboards"],"_links":{"self":[{"href":"https:\/\/dillboard.pl\/da\/wp-json\/wp\/v2\/product\/10706","targetHints":{"allow":["GET"]}}],"collection":[{"href":"https:\/\/dillboard.pl\/da\/wp-json\/wp\/v2\/product"}],"about":[{"href":"https:\/\/dillboard.pl\/da\/wp-json\/wp\/v2\/types\/product"}],"version-history":[{"count":2,"href":"https:\/\/dillboard.pl\/da\/wp-json\/wp\/v2\/product\/10706\/revisions"}],"predecessor-version":[{"id":10745,"href":"https:\/\/dillboard.pl\/da\/wp-json\/wp\/v2\/product\/10706\/revisions\/10745"}],"wp:featuredmedia":[{"embeddable":true,"href":"https:\/\/dillboard.pl\/da\/wp-json\/wp\/v2\/media\/10408"}],"wp:attachment":[{"href":"https:\/\/dillboard.pl\/da\/wp-json\/wp\/v2\/media?parent=10706"}],"wp:term":[{"taxonomy":"product_cat","embeddable":true,"href":"https:\/\/dillboard.pl\/da\/wp-json\/wp\/v2\/product_cat?post=10706"},{"taxonomy":"product_tag","embeddable":true,"href":"https:\/\/dillboard.pl\/da\/wp-json\/wp\/v2\/product_tag?post=10706"}],"curies":[{"name":"wp","href":"https:\/\/api.w.org\/{rel}","templated":true}]}}