{"id":10674,"date":"2022-07-02T15:57:26","date_gmt":"2022-07-02T13:57:26","guid":{"rendered":"https:\/\/dillboard.pl\/produkt\/mega-mobile-billboard-standard-60-enkeltsidet\/"},"modified":"2024-12-01T23:01:23","modified_gmt":"2024-12-01T22:01:23","slug":"mega-mobile-billboard-standard-60-enkeltsidet","status":"publish","type":"product","link":"https:\/\/dillboard.pl\/da\/produkt\/mega-mobile-billboard-standard-60-enkeltsidet\/","title":{"rendered":"Mega mobile billboard Standard 60 enkeltsidet"},"content":{"rendered":"\t\t<div data-elementor-type=\"wp-post\" data-elementor-id=\"10674\" class=\"elementor elementor-10674 elementor-8605\">\n\t\t\t\t\t\t\t\t\t<section class=\"wd-negative-gap elementor-section elementor-top-section elementor-element elementor-element-2b25d6de elementor-section-boxed elementor-section-height-default elementor-section-height-default wd-section-disabled\" data-id=\"2b25d6de\" data-element_type=\"section\">\n\t\t\t\t\t\t<div class=\"elementor-container elementor-column-gap-default\">\n\t\t\t\t\t<div class=\"elementor-column elementor-col-50 elementor-top-column elementor-element elementor-element-f178d2b\" data-id=\"f178d2b\" data-element_type=\"column\">\n\t\t\t<div class=\"elementor-widget-wrap elementor-element-populated\">\n\t\t\t\t\t\t\t\t<section class=\"wd-negative-gap elementor-section elementor-inner-section elementor-element elementor-element-55548569 elementor-section-content-middle elementor-section-boxed elementor-section-height-default elementor-section-height-default wd-section-disabled\" data-id=\"55548569\" data-element_type=\"section\">\n\t\t\t\t\t\t<div class=\"elementor-container elementor-column-gap-default\">\n\t\t\t\t\t<div class=\"elementor-column elementor-col-50 elementor-inner-column elementor-element elementor-element-7fe67b78\" data-id=\"7fe67b78\" data-element_type=\"column\">\n\t\t\t<div class=\"elementor-widget-wrap elementor-element-populated\">\n\t\t\t\t\t\t\t\t<div class=\"elementor-element elementor-element-20b503a7 elementor-widget elementor-widget-image\" data-id=\"20b503a7\" data-element_type=\"widget\" data-widget_type=\"image.default\">\n\t\t\t\t<div class=\"elementor-widget-container\">\n\t\t\t<style>\/*! elementor - v3.15.0 - 20-08-2023 *\/\n.elementor-widget-image{text-align:center}.elementor-widget-image a{display:inline-block}.elementor-widget-image a img[src$=\".svg\"]{width:48px}.elementor-widget-image img{vertical-align:middle;display:inline-block}<\/style>\t\t\t\t\t\t\t\t\t\t\t\t<img loading=\"lazy\" decoding=\"async\" width=\"250\" height=\"250\" src=\"https:\/\/dillboard.pl\/wp-content\/themes\/woodmart\/images\/lazy.png\" class=\"attachment-full size-full wp-image-10413 wd-lazy-load wd-lazy-fade\" alt=\"\" srcset=\"\" sizes=\"auto, (max-width: 250px) 100vw, 250px\" data-wood-src=\"https:\/\/dillboard.pl\/wp-content\/uploads\/2021\/10\/ico_panele.png\" data-srcset=\"https:\/\/dillboard.pl\/wp-content\/uploads\/2021\/10\/ico_panele.png 250w, https:\/\/dillboard.pl\/wp-content\/uploads\/2021\/10\/ico_panele-150x150.png 150w\" \/>\t\t\t\t\t\t\t\t\t\t\t\t\t\t\t<\/div>\n\t\t\t\t<\/div>\n\t\t\t\t\t<\/div>\n\t\t<\/div>\n\t\t\t\t<div class=\"elementor-column elementor-col-50 elementor-inner-column elementor-element elementor-element-51152f4c\" data-id=\"51152f4c\" data-element_type=\"column\">\n\t\t\t<div class=\"elementor-widget-wrap elementor-element-populated\">\n\t\t\t\t\t\t\t\t<div class=\"elementor-element elementor-element-256ce604 elementor-widget elementor-widget-wd_text_block\" data-id=\"256ce604\" data-element_type=\"widget\" data-widget_type=\"wd_text_block.default\">\n\t\t\t\t<div class=\"elementor-widget-container\">\n\t\t\t\t\t<div class=\"wd-text-block reset-last-child text-left\">\n\t\t\t\n\t\t\t<p><b>Billboard-sk\u00e6rm best\u00e5ende af 48 paneler i format:<\/b><br>500 x 2500 x 59 mm<\/p>\n\t\t\t\t\t<\/div>\n\t\t\t\t<\/div>\n\t\t\t\t<\/div>\n\t\t\t\t\t<\/div>\n\t\t<\/div>\n\t\t\t\t\t\t\t<\/div>\n\t\t<\/section>\n\t\t\t\t<section class=\"wd-negative-gap elementor-section elementor-inner-section elementor-element elementor-element-28d7107a elementor-section-content-middle elementor-section-boxed elementor-section-height-default elementor-section-height-default wd-section-disabled\" data-id=\"28d7107a\" data-element_type=\"section\">\n\t\t\t\t\t\t<div class=\"elementor-container elementor-column-gap-default\">\n\t\t\t\t\t<div class=\"elementor-column elementor-col-50 elementor-inner-column elementor-element elementor-element-372233e4\" data-id=\"372233e4\" data-element_type=\"column\">\n\t\t\t<div class=\"elementor-widget-wrap elementor-element-populated\">\n\t\t\t\t\t\t\t\t<div class=\"elementor-element elementor-element-3a68e780 elementor-widget elementor-widget-image\" data-id=\"3a68e780\" data-element_type=\"widget\" data-widget_type=\"image.default\">\n\t\t\t\t<div class=\"elementor-widget-container\">\n\t\t\t\t\t\t\t\t\t\t\t\t\t\t\t<img loading=\"lazy\" decoding=\"async\" width=\"250\" height=\"250\" src=\"https:\/\/dillboard.pl\/wp-content\/themes\/woodmart\/images\/lazy.png\" class=\"attachment-full size-full wp-image-10420 wd-lazy-load wd-lazy-fade\" alt=\"\" srcset=\"\" sizes=\"auto, (max-width: 250px) 100vw, 250px\" data-wood-src=\"https:\/\/dillboard.pl\/wp-content\/uploads\/2021\/10\/ico_ceowniki.png\" data-srcset=\"https:\/\/dillboard.pl\/wp-content\/uploads\/2021\/10\/ico_ceowniki.png 250w, https:\/\/dillboard.pl\/wp-content\/uploads\/2021\/10\/ico_ceowniki-150x150.png 150w\" \/>\t\t\t\t\t\t\t\t\t\t\t\t\t\t\t<\/div>\n\t\t\t\t<\/div>\n\t\t\t\t\t<\/div>\n\t\t<\/div>\n\t\t\t\t<div class=\"elementor-column elementor-col-50 elementor-inner-column elementor-element elementor-element-223222f3\" data-id=\"223222f3\" data-element_type=\"column\">\n\t\t\t<div class=\"elementor-widget-wrap elementor-element-populated\">\n\t\t\t\t\t\t\t\t<div class=\"elementor-element elementor-element-73d5e581 elementor-widget elementor-widget-wd_text_block\" data-id=\"73d5e581\" data-element_type=\"widget\" data-widget_type=\"wd_text_block.default\">\n\t\t\t\t<div class=\"elementor-widget-container\">\n\t\t\t\t\t<div class=\"wd-text-block reset-last-child text-left\">\n\t\t\t\n\t\t\t<p><b>Mountingbodl<br><\/b>monteret p\u00e5 benene ved hj\u00e6lp af fire 50 x 50 kanaler med en v\u00e6gtykkelse p\u00e5 3 mm.<\/p>\n\t\t\t\t\t<\/div>\n\t\t\t\t<\/div>\n\t\t\t\t<\/div>\n\t\t\t\t\t<\/div>\n\t\t<\/div>\n\t\t\t\t\t\t\t<\/div>\n\t\t<\/section>\n\t\t\t\t<section class=\"wd-negative-gap elementor-section elementor-inner-section elementor-element elementor-element-149c62ea elementor-section-content-middle elementor-section-boxed elementor-section-height-default elementor-section-height-default wd-section-disabled\" data-id=\"149c62ea\" data-element_type=\"section\">\n\t\t\t\t\t\t<div class=\"elementor-container elementor-column-gap-default\">\n\t\t\t\t\t<div class=\"elementor-column elementor-col-50 elementor-inner-column elementor-element elementor-element-31fea13c\" data-id=\"31fea13c\" data-element_type=\"column\">\n\t\t\t<div class=\"elementor-widget-wrap elementor-element-populated\">\n\t\t\t\t\t\t\t\t<div class=\"elementor-element elementor-element-4057c82a elementor-widget elementor-widget-image\" data-id=\"4057c82a\" data-element_type=\"widget\" data-widget_type=\"image.default\">\n\t\t\t\t<div class=\"elementor-widget-container\">\n\t\t\t\t\t\t\t\t\t\t\t\t\t\t\t<img loading=\"lazy\" decoding=\"async\" width=\"250\" height=\"250\" src=\"https:\/\/dillboard.pl\/wp-content\/themes\/woodmart\/images\/lazy.png\" class=\"attachment-full size-full wp-image-10411 wd-lazy-load wd-lazy-fade\" alt=\"\" srcset=\"\" sizes=\"auto, (max-width: 250px) 100vw, 250px\" data-wood-src=\"https:\/\/dillboard.pl\/wp-content\/uploads\/2021\/10\/ico_nogi.png\" data-srcset=\"https:\/\/dillboard.pl\/wp-content\/uploads\/2021\/10\/ico_nogi.png 250w, https:\/\/dillboard.pl\/wp-content\/uploads\/2021\/10\/ico_nogi-150x150.png 150w\" \/>\t\t\t\t\t\t\t\t\t\t\t\t\t\t\t<\/div>\n\t\t\t\t<\/div>\n\t\t\t\t\t<\/div>\n\t\t<\/div>\n\t\t\t\t<div class=\"elementor-column elementor-col-50 elementor-inner-column elementor-element elementor-element-3adf9f35\" data-id=\"3adf9f35\" data-element_type=\"column\">\n\t\t\t<div class=\"elementor-widget-wrap elementor-element-populated\">\n\t\t\t\t\t\t\t\t<div class=\"elementor-element elementor-element-1fa053e7 elementor-widget elementor-widget-wd_text_block\" data-id=\"1fa053e7\" data-element_type=\"widget\" data-widget_type=\"wd_text_block.default\">\n\t\t\t\t<div class=\"elementor-widget-container\">\n\t\t\t\t\t<div class=\"wd-text-block reset-last-child text-left\">\n\t\t\t\n\t\t\t<p><strong>Billboard legs strong<br><\/strong>Strukturens hovedben er fremstillet af en 90 x 90 firkantet profil med 4 mm v\u00e6gtykkelse.<\/p>\n\t\t\t\t\t<\/div>\n\t\t\t\t<\/div>\n\t\t\t\t<\/div>\n\t\t\t\t\t<\/div>\n\t\t<\/div>\n\t\t\t\t\t\t\t<\/div>\n\t\t<\/section>\n\t\t\t\t<section class=\"wd-negative-gap elementor-section elementor-inner-section elementor-element elementor-element-7fbbcde7 elementor-section-content-middle elementor-section-boxed elementor-section-height-default elementor-section-height-default wd-section-disabled\" data-id=\"7fbbcde7\" data-element_type=\"section\">\n\t\t\t\t\t\t<div class=\"elementor-container elementor-column-gap-default\">\n\t\t\t\t\t<div class=\"elementor-column elementor-col-50 elementor-inner-column elementor-element elementor-element-5e0b788c\" data-id=\"5e0b788c\" data-element_type=\"column\">\n\t\t\t<div class=\"elementor-widget-wrap elementor-element-populated\">\n\t\t\t\t\t\t\t\t<div class=\"elementor-element elementor-element-72787bc4 elementor-widget elementor-widget-image\" data-id=\"72787bc4\" data-element_type=\"widget\" data-widget_type=\"image.default\">\n\t\t\t\t<div class=\"elementor-widget-container\">\n\t\t\t\t\t\t\t\t\t\t\t\t\t\t\t<img loading=\"lazy\" decoding=\"async\" width=\"250\" height=\"250\" src=\"https:\/\/dillboard.pl\/wp-content\/themes\/woodmart\/images\/lazy.png\" class=\"attachment-full size-full wp-image-10410 wd-lazy-load wd-lazy-fade\" alt=\"\" srcset=\"\" sizes=\"auto, (max-width: 250px) 100vw, 250px\" data-wood-src=\"https:\/\/dillboard.pl\/wp-content\/uploads\/2021\/10\/ico_maxwys.png\" data-srcset=\"https:\/\/dillboard.pl\/wp-content\/uploads\/2021\/10\/ico_maxwys.png 250w, https:\/\/dillboard.pl\/wp-content\/uploads\/2021\/10\/ico_maxwys-150x150.png 150w\" \/>\t\t\t\t\t\t\t\t\t\t\t\t\t\t\t<\/div>\n\t\t\t\t<\/div>\n\t\t\t\t\t<\/div>\n\t\t<\/div>\n\t\t\t\t<div class=\"elementor-column elementor-col-50 elementor-inner-column elementor-element elementor-element-3903f832\" data-id=\"3903f832\" data-element_type=\"column\">\n\t\t\t<div class=\"elementor-widget-wrap elementor-element-populated\">\n\t\t\t\t\t\t\t\t<div class=\"elementor-element elementor-element-5054a80a elementor-widget elementor-widget-wd_text_block\" data-id=\"5054a80a\" data-element_type=\"widget\" data-widget_type=\"wd_text_block.default\">\n\t\t\t\t<div class=\"elementor-widget-container\">\n\t\t\t\t\t<div class=\"wd-text-block reset-last-child text-left\">\n\t\t\t\n\t\t\t<p><strong>Billboardets h\u00f8jde<br><\/strong>Billboardets \u00f8verste kant er i en h\u00f8jde af 650 cm.<\/p>\n\t\t\t\t\t<\/div>\n\t\t\t\t<\/div>\n\t\t\t\t<\/div>\n\t\t\t\t\t<\/div>\n\t\t<\/div>\n\t\t\t\t\t\t\t<\/div>\n\t\t<\/section>\n\t\t\t\t<section class=\"wd-negative-gap elementor-section elementor-inner-section elementor-element elementor-element-4916fd34 elementor-section-content-middle elementor-section-boxed elementor-section-height-default elementor-section-height-default wd-section-disabled\" data-id=\"4916fd34\" data-element_type=\"section\">\n\t\t\t\t\t\t<div class=\"elementor-container elementor-column-gap-default\">\n\t\t\t\t\t<div class=\"elementor-column elementor-col-50 elementor-inner-column elementor-element elementor-element-652a209b\" data-id=\"652a209b\" data-element_type=\"column\">\n\t\t\t<div class=\"elementor-widget-wrap elementor-element-populated\">\n\t\t\t\t\t\t\t\t<div class=\"elementor-element elementor-element-2648ff93 elementor-widget elementor-widget-image\" data-id=\"2648ff93\" data-element_type=\"widget\" data-widget_type=\"image.default\">\n\t\t\t\t<div class=\"elementor-widget-container\">\n\t\t\t\t\t\t\t\t\t\t\t\t\t\t\t<img loading=\"lazy\" decoding=\"async\" width=\"250\" height=\"250\" src=\"https:\/\/dillboard.pl\/wp-content\/themes\/woodmart\/images\/lazy.png\" class=\"attachment-full size-full wp-image-10414 wd-lazy-load wd-lazy-fade\" alt=\"\" srcset=\"\" sizes=\"auto, (max-width: 250px) 100vw, 250px\" data-wood-src=\"https:\/\/dillboard.pl\/wp-content\/uploads\/2021\/10\/ico_podstawa.png\" data-srcset=\"https:\/\/dillboard.pl\/wp-content\/uploads\/2021\/10\/ico_podstawa.png 250w, https:\/\/dillboard.pl\/wp-content\/uploads\/2021\/10\/ico_podstawa-150x150.png 150w\" \/>\t\t\t\t\t\t\t\t\t\t\t\t\t\t\t<\/div>\n\t\t\t\t<\/div>\n\t\t\t\t\t<\/div>\n\t\t<\/div>\n\t\t\t\t<div class=\"elementor-column elementor-col-50 elementor-inner-column elementor-element elementor-element-7b226441\" data-id=\"7b226441\" data-element_type=\"column\">\n\t\t\t<div class=\"elementor-widget-wrap elementor-element-populated\">\n\t\t\t\t\t\t\t\t<div class=\"elementor-element elementor-element-7b568e57 elementor-widget elementor-widget-wd_text_block\" data-id=\"7b568e57\" data-element_type=\"widget\" data-widget_type=\"wd_text_block.default\">\n\t\t\t\t<div class=\"elementor-widget-container\">\n\t\t\t\t\t<div class=\"wd-text-block reset-last-child text-left\">\n\t\t\t\n\t\t\t<p><strong>Billboard-base<br><\/strong>Stabilt underlag med en samlet bredde p\u00e5 1000 cm og en dybde p\u00e5 400 cm, med ekstra vandrette profiler til at underst\u00f8tte lasten.<\/p>\n\t\t\t\t\t<\/div>\n\t\t\t\t<\/div>\n\t\t\t\t<\/div>\n\t\t\t\t\t<\/div>\n\t\t<\/div>\n\t\t\t\t\t\t\t<\/div>\n\t\t<\/section>\n\t\t\t\t<section class=\"wd-negative-gap elementor-section elementor-inner-section elementor-element elementor-element-2e8f80f5 elementor-section-content-middle elementor-section-boxed elementor-section-height-default elementor-section-height-default wd-section-disabled\" data-id=\"2e8f80f5\" data-element_type=\"section\">\n\t\t\t\t\t\t<div class=\"elementor-container elementor-column-gap-default\">\n\t\t\t\t\t<div class=\"elementor-column elementor-col-50 elementor-inner-column elementor-element elementor-element-30b524ac\" data-id=\"30b524ac\" data-element_type=\"column\">\n\t\t\t<div class=\"elementor-widget-wrap elementor-element-populated\">\n\t\t\t\t\t\t\t\t<div class=\"elementor-element elementor-element-31a8e0e4 elementor-widget elementor-widget-image\" data-id=\"31a8e0e4\" data-element_type=\"widget\" data-widget_type=\"image.default\">\n\t\t\t\t<div class=\"elementor-widget-container\">\n\t\t\t\t\t\t\t\t\t\t\t\t\t\t\t<img loading=\"lazy\" decoding=\"async\" width=\"250\" height=\"250\" src=\"https:\/\/dillboard.pl\/wp-content\/themes\/woodmart\/images\/lazy.png\" class=\"attachment-full size-full wp-image-10409 wd-lazy-load wd-lazy-fade\" alt=\"\" srcset=\"\" sizes=\"auto, (max-width: 250px) 100vw, 250px\" data-wood-src=\"https:\/\/dillboard.pl\/wp-content\/uploads\/2021\/10\/ico_krawezniki.png\" data-srcset=\"https:\/\/dillboard.pl\/wp-content\/uploads\/2021\/10\/ico_krawezniki.png 250w, https:\/\/dillboard.pl\/wp-content\/uploads\/2021\/10\/ico_krawezniki-150x150.png 150w\" \/>\t\t\t\t\t\t\t\t\t\t\t\t\t\t\t<\/div>\n\t\t\t\t<\/div>\n\t\t\t\t\t<\/div>\n\t\t<\/div>\n\t\t\t\t<div class=\"elementor-column elementor-col-50 elementor-inner-column elementor-element elementor-element-74f1559\" data-id=\"74f1559\" data-element_type=\"column\">\n\t\t\t<div class=\"elementor-widget-wrap elementor-element-populated\">\n\t\t\t\t\t\t\t\t<div class=\"elementor-element elementor-element-3504a117 elementor-widget elementor-widget-wd_text_block\" data-id=\"3504a117\" data-element_type=\"widget\" data-widget_type=\"wd_text_block.default\">\n\t\t\t\t<div class=\"elementor-widget-container\">\n\t\t\t\t\t<div class=\"wd-text-block reset-last-child text-left\">\n\t\t\t\n\t\t\t<p><strong>Grundlast<br><\/strong>Billboardbasen er designet til en 1500 x 3000 mm vejpladebelastning. Efter forudg\u00e5ende aftale er vi i stand til at forberede billboardet til enhver form for last (Legoklodser, Jumbo boards osv.). Prisen inkluderer ikke lasten.<\/p>\n\t\t\t\t\t<\/div>\n\t\t\t\t<\/div>\n\t\t\t\t<\/div>\n\t\t\t\t\t<\/div>\n\t\t<\/div>\n\t\t\t\t\t\t\t<\/div>\n\t\t<\/section>\n\t\t\t\t\t<\/div>\n\t\t<\/div>\n\t\t\t\t<div class=\"elementor-column elementor-col-50 elementor-top-column elementor-element elementor-element-58a6d39\" data-id=\"58a6d39\" data-element_type=\"column\">\n\t\t\t<div class=\"elementor-widget-wrap elementor-element-populated\">\n\t\t\t\t\t\t\t\t<div class=\"elementor-element elementor-element-15709599 elementor-widget elementor-widget-wd_text_block\" data-id=\"15709599\" data-element_type=\"widget\" data-widget_type=\"wd_text_block.default\">\n\t\t\t\t<div class=\"elementor-widget-container\">\n\t\t\t\t\t<div class=\"wd-text-block reset-last-child text-left\">\n\t\t\t\n\t\t\t<p>Mega mobile billboards er et af de mange forslag, vi tilbyder vores kunder. Vi tilbyder dig plader best\u00e5ende af 48 kantb\u00f8jede paneler lavet af 0,7 millimeter tyk galvaniseret metalplade. Vores reklametavler er kendetegnet ved en meget h\u00f8j modstandsdygtighed over for korrosion og mekaniske skader. Omhyggeligt og solidt h\u00e5ndv\u00e6rk og to \u00e5rs garanti er yderligere egenskaber, der kendetegner alle billboards, der bestilles hos os.<\/p><p>Det er ogs\u00e5 v\u00e6rd at overveje prisen p\u00e5 de produkter, vi leverer. Vi garanterer kun megabillboards af meget h\u00f8j kvalitet, som er kendetegnet ved h\u00f8j \u00e6stetik og en holdbarhed over gennemsnittet. Prisen p\u00e5 en billboard afh\u00e6nger af dens format. Warto r\u00f3wnie\u017c zauwa\u017cy\u0107, \u017ce oferowane przez nas produkty s\u0105 \u0142atwe w instalacji i dostarczane z zestawem wspornik\u00f3w i \u015brub monta\u017cowych.<\/p><p>Alle, der er interesserede i vores tilbud, opfordres til at finde ud af mere om vores prisliste og drage fordel af de tjenester, vi leverer.<\/p>\n\t\t\t\t\t<\/div>\n\t\t\t\t<\/div>\n\t\t\t\t<\/div>\n\t\t\t\t\t<\/div>\n\t\t<\/div>\n\t\t\t\t\t\t\t<\/div>\n\t\t<\/section>\n\t\t\t\t<section class=\"wd-negative-gap elementor-section elementor-top-section elementor-element elementor-element-5b751199 elementor-section-boxed elementor-section-height-default elementor-section-height-default wd-section-disabled\" data-id=\"5b751199\" data-element_type=\"section\">\n\t\t\t\t\t\t<div class=\"elementor-container elementor-column-gap-default\">\n\t\t\t\t\t<div class=\"elementor-column elementor-col-100 elementor-top-column elementor-element elementor-element-53fa3c35\" data-id=\"53fa3c35\" data-element_type=\"column\">\n\t\t\t<div class=\"elementor-widget-wrap elementor-element-populated\">\n\t\t\t\t\t\t\t\t<div class=\"elementor-element elementor-element-72b5acd7 elementor-widget elementor-widget-wd_title\" data-id=\"72b5acd7\" data-element_type=\"widget\" data-widget_type=\"wd_title.default\">\n\t\t\t\t<div class=\"elementor-widget-container\">\n\t\t\t\t\t<div class=\"title-wrapper set-mb-s reset-last-child wd-title-color-default wd-title-style-default wd-title-size-default text-center\">\n\n\t\t\t\n\t\t\t<div class=\"liner-continer\">\n\t\t\t\t<h4 class=\"woodmart-title-container title wd-fontsize-l\">Storformat 60m Mega Billboard&nbsp;der kan omkonfigureres til to standard konvertible billboards.<\/h4> \n\t\t\t\t\t\t\t<\/div>\n\n\t\t\t\t\t<\/div>\n\t\t\t\t<\/div>\n\t\t\t\t<\/div>\n\t\t\t\t\t<\/div>\n\t\t<\/div>\n\t\t\t\t\t\t\t<\/div>\n\t\t<\/section>\n\t\t\t\t<section class=\"wd-negative-gap elementor-section elementor-top-section elementor-element elementor-element-1ee8bba0 elementor-section-content-middle elementor-section-boxed elementor-section-height-default elementor-section-height-default wd-section-disabled\" data-id=\"1ee8bba0\" data-element_type=\"section\">\n\t\t\t\t\t\t<div class=\"elementor-container elementor-column-gap-default\">\n\t\t\t\t\t<div class=\"elementor-column elementor-col-50 elementor-top-column elementor-element elementor-element-2b6cbd5a\" data-id=\"2b6cbd5a\" data-element_type=\"column\">\n\t\t\t<div class=\"elementor-widget-wrap elementor-element-populated\">\n\t\t\t\t\t\t\t\t<div class=\"elementor-element elementor-element-3b150389 color-scheme-inherit text-left elementor-widget elementor-widget-text-editor\" data-id=\"3b150389\" data-element_type=\"widget\" data-widget_type=\"text-editor.default\">\n\t\t\t\t<div class=\"elementor-widget-container\">\n\t\t\t<style>\/*! elementor - v3.15.0 - 20-08-2023 *\/\n.elementor-widget-text-editor.elementor-drop-cap-view-stacked .elementor-drop-cap{background-color:#69727d;color:#fff}.elementor-widget-text-editor.elementor-drop-cap-view-framed .elementor-drop-cap{color:#69727d;border:3px solid;background-color:transparent}.elementor-widget-text-editor:not(.elementor-drop-cap-view-default) .elementor-drop-cap{margin-top:8px}.elementor-widget-text-editor:not(.elementor-drop-cap-view-default) .elementor-drop-cap-letter{width:1em;height:1em}.elementor-widget-text-editor .elementor-drop-cap{float:left;text-align:center;line-height:1;font-size:50px}.elementor-widget-text-editor .elementor-drop-cap-letter{display:inline-block}<\/style>\t\t\t\t<p>Modellen p\u00e5 60 m\u00b2 er den eneste Mega Billboard p\u00e5 det polske marked med mulighed for nem omkonfiguration til to konvertible billboards med standardtavler p\u00e5 12 m\u00b2.<\/p>\n<p><strong>En l\u00f8sning, vi is\u00e6r anbefaler:<\/strong><\/p>\n<ul>\n<li>N\u00e5r der p\u00e5 grund af lov\u00e6ndringer i din by (landskabsbeskyttelsesloven) opst\u00e5r en situation, hvor storformatsreklamer ikke l\u00e6ngere er tilladt i byrummet (f.eks. begr\u00e6nsning af udstillingsarealet til 12 m\u00b2 &#8211; med Poznan som eksempel).<\/li>\n<li>Flytning af billboardet til en ny placering med begr\u00e6nset installationsplads.<\/li>\n<li>Videresalg af en del af reklamepladsen,<\/li>\n<\/ul>\n<p>Uanset hvad, kan du v\u00e6re sikker p\u00e5 at v\u00e6lge vores design. Vi har udviklet en l\u00f8sning, hvor benene sammen med basen kan udg\u00f8re basen for to separate billboard-strukturer. Paneler fra en enkelt sk\u00e6rm p\u00e5 60 m\u00b2 kan derefter hurtigt omkonfigureres til 4 separate sk\u00e6rme til plader p\u00e5 504 x 238 cm.<\/p>\n<div class=\"fusion-one-half fusion-layout-column fusion-spacing-yes\">\n<div class=\"fusion-column-wrapper\">\n<p>Fra et Mega Billboard kan vi s\u00e5ledes, afh\u00e6ngigt af tavlernes konfiguration, skabe to billboards i en <a href=\"https:\/\/dillboard.pl\/new\/kategoria-produktu\/billboardy-przestawne\/\">standard- <\/a> eller <a href=\"https:\/\/dillboard.pl\/new\/kategoria-produktu\/billboardy-przestawne-podwojne\/\">dobbeltkonfiguration<\/a>.<\/p>\n<\/div>\n<\/div>\n\t\t\t\t\t\t<\/div>\n\t\t\t\t<\/div>\n\t\t\t\t\t<\/div>\n\t\t<\/div>\n\t\t\t\t<div class=\"elementor-column elementor-col-50 elementor-top-column elementor-element elementor-element-7544419d\" data-id=\"7544419d\" data-element_type=\"column\">\n\t\t\t<div class=\"elementor-widget-wrap elementor-element-populated\">\n\t\t\t\t\t\t\t\t<div class=\"elementor-element elementor-element-7a35d5ac elementor-widget elementor-widget-image\" data-id=\"7a35d5ac\" data-element_type=\"widget\" data-widget_type=\"image.default\">\n\t\t\t\t<div class=\"elementor-widget-container\">\n\t\t\t\t\t\t\t\t\t\t\t\t\t\t\t<img loading=\"lazy\" decoding=\"async\" width=\"780\" height=\"800\" src=\"https:\/\/dillboard.pl\/wp-content\/themes\/woodmart\/images\/lazy.png\" class=\"attachment-large size-large wp-image-10510 wd-lazy-load wd-lazy-fade\" alt=\"\" srcset=\"\" sizes=\"auto, (max-width: 780px) 100vw, 780px\" data-wood-src=\"https:\/\/dillboard.pl\/wp-content\/uploads\/2022\/07\/megabillboar_rekonfiguracja-780x800.png\" data-srcset=\"https:\/\/dillboard.pl\/wp-content\/uploads\/2022\/07\/megabillboar_rekonfiguracja-780x800.png 780w, https:\/\/dillboard.pl\/wp-content\/uploads\/2022\/07\/megabillboar_rekonfiguracja-292x300.png 292w, https:\/\/dillboard.pl\/wp-content\/uploads\/2022\/07\/megabillboar_rekonfiguracja-768x788.png 768w, https:\/\/dillboard.pl\/wp-content\/uploads\/2022\/07\/megabillboar_rekonfiguracja-430x441.png 430w, https:\/\/dillboard.pl\/wp-content\/uploads\/2022\/07\/megabillboar_rekonfiguracja-700x718.png 700w, https:\/\/dillboard.pl\/wp-content\/uploads\/2022\/07\/megabillboar_rekonfiguracja-350x359.png 350w, https:\/\/dillboard.pl\/wp-content\/uploads\/2022\/07\/megabillboar_rekonfiguracja-150x154.png 150w, https:\/\/dillboard.pl\/wp-content\/uploads\/2022\/07\/megabillboar_rekonfiguracja.png 800w\" \/>\t\t\t\t\t\t\t\t\t\t\t\t\t\t\t<\/div>\n\t\t\t\t<\/div>\n\t\t\t\t\t<\/div>\n\t\t<\/div>\n\t\t\t\t\t\t\t<\/div>\n\t\t<\/section>\n\t\t\t\t\t\t\t<\/div>\n\t\t","protected":false},"excerpt":{"rendered":"<p>Billboard-sk\u00e6rm best\u00e5ende af 48 paneler i format:500 x 2500 x 59 mm Mountingbodlmonteret p\u00e5 benene ved hj\u00e6lp af fire 50<\/p>\n","protected":false},"featured_media":10407,"template":"","meta":[],"product_cat":[310],"product_tag":[],"class_list":["post-10674","product","type-product","status-publish","has-post-thumbnail","hentry","product_cat-mega-mobil-billboards"],"_links":{"self":[{"href":"https:\/\/dillboard.pl\/da\/wp-json\/wp\/v2\/product\/10674","targetHints":{"allow":["GET"]}}],"collection":[{"href":"https:\/\/dillboard.pl\/da\/wp-json\/wp\/v2\/product"}],"about":[{"href":"https:\/\/dillboard.pl\/da\/wp-json\/wp\/v2\/types\/product"}],"version-history":[{"count":2,"href":"https:\/\/dillboard.pl\/da\/wp-json\/wp\/v2\/product\/10674\/revisions"}],"predecessor-version":[{"id":10736,"href":"https:\/\/dillboard.pl\/da\/wp-json\/wp\/v2\/product\/10674\/revisions\/10736"}],"wp:featuredmedia":[{"embeddable":true,"href":"https:\/\/dillboard.pl\/da\/wp-json\/wp\/v2\/media\/10407"}],"wp:attachment":[{"href":"https:\/\/dillboard.pl\/da\/wp-json\/wp\/v2\/media?parent=10674"}],"wp:term":[{"taxonomy":"product_cat","embeddable":true,"href":"https:\/\/dillboard.pl\/da\/wp-json\/wp\/v2\/product_cat?post=10674"},{"taxonomy":"product_tag","embeddable":true,"href":"https:\/\/dillboard.pl\/da\/wp-json\/wp\/v2\/product_tag?post=10674"}],"curies":[{"name":"wp","href":"https:\/\/api.w.org\/{rel}","templated":true}]}}